{"id":1218,"date":"2022-12-18T10:25:01","date_gmt":"2022-12-18T10:25:01","guid":{"rendered":"https:\/\/green-league.eu\/results\/"},"modified":"2025-01-30T08:14:03","modified_gmt":"2025-01-30T08:14:03","slug":"results","status":"publish","type":"page","link":"https:\/\/green-league.eu\/is\/results\/","title":{"rendered":"Ni\u00f0urst\u00f6\u00f0ur"},"content":{"rendered":"<h1>Ni\u00f0urst\u00f6\u00f0ur<\/h1>\n<p><img decoding=\"async\" src=\"\/wp-content\/uploads\/2023\/10\/aboutTheModel.png\" alt=\"\"><\/p>\n<h3>Green League l\u00edkani\u00f0<\/h3>\n<div>\n<p>Green League l\u00edkani\u00f0 er rammi sem samt\u00f6k geta n\u00fdtt s\u00e9r til a\u00f0 stu\u00f0la a\u00f0 sj\u00e1lfb\u00e6rum og umhverfisv\u00e6num starfsh\u00e1ttum. H\u00fan byggir \u00e1 \u00feremur megin\u00fe\u00e1ttum: skipulagi, framkv\u00e6md og kynningu.<\/p>\n<\/div>\n<p>\n    <a href=\"\/wp-content\/uploads\/2023\/11\/Green-League_Model_Final-Version_IS.pdf\">Hla\u00f0a ni\u00f0ur <\/a>\n<\/p>\n<p><img decoding=\"async\" src=\"\/wp-content\/uploads\/2023\/07\/caseStudies.png\" alt=\"\"><\/p>\n<h3>Ferilsathuganir<\/h3>\n<div>\n<p>Ferilsathugunarsafni\u00f0 er samantekt \u00e1rangursr\u00edkra a\u00f0ger\u00f0a innan Evr\u00f3pusambandsins sem hafa \u00ed\u00fer\u00f3ttir a\u00f0 lei\u00f0arlj\u00f3si. Markmi\u00f0i\u00f0 er a\u00f0 hvetja hagsmunaa\u00f0ila innan \u00ed\u00fer\u00f3ttahreyfingarinnar til a\u00f0 endurtaka sl\u00edkar a\u00f0ger\u00f0ir og brei\u00f0a \u00fat bo\u00f0skap umhverfis- og lofstslagsm\u00e1la.<\/p>\n<\/div>\n<ul>\n<li>\n        <a href=\"\/wp-content\/uploads\/2023\/09\/Green-League_Case-Studies_EU_IS.pdf\">Evr\u00f3pusambandi\u00f0<\/a>\n    <\/li>\n<li>\n        <a href=\"\/wp-content\/uploads\/2023\/09\/Green-League_Case-Studies_Cyprus_IS.pdf\">K\u00fdpur<\/a>\n    <\/li>\n<li>\n        <a href=\"\/wp-content\/uploads\/2023\/09\/Green-League_Case-Studies_Greece_IS.pdf\">Grikkland<\/a>\n    <\/li>\n<li>\n        <a href=\"\/wp-content\/uploads\/2023\/09\/Green-League_Case-Studies_Iceland_IS.pdf\">\u00cdsland<\/a>\n    <\/li>\n<li>\n        <a href=\"\/wp-content\/uploads\/2023\/09\/Green-League_Case-Studies_Italy_IS.pdf\">\u00cdtal\u00eda<\/a>\n    <\/li>\n<li>\n        <a href=\"\/wp-content\/uploads\/2023\/09\/Green-League_Case-Studies_Slovenia_IS.pdf\">Sl\u00f3ven\u00eda<\/a>\n    <\/li>\n<li>\n        <a href=\"\/wp-content\/uploads\/2023\/07\/Green-League_Case-Studies_Final-ALL.pdf\">Allar ferilsathuganirnar<\/a>\n    <\/li>\n<\/ul>\n<p><img decoding=\"async\" src=\"\/wp-content\/uploads\/2023\/07\/trainingPack.png\" alt=\"\"><\/p>\n<h3>\u00dej\u00e1lfunarefni<\/h3>\n<div>\n<p>\u00cd\u00fer\u00f3tta- og umhverfis\u00fej\u00e1lfunarefni\u00f0 er \u00e6tla\u00f0 til \u00feess a\u00f0 samtvinna \u00fej\u00e1lfun og fr\u00e6\u00f0slu \u00e1 umhverfism\u00e1lum. \u00deessu er n\u00e1\u00f0 fram me\u00f0 \u00fev\u00ed a\u00f0 n\u00fdta n\u00e1tt\u00faruna til \u00e6finga og vekja \u00feannig samt\u00edmis athygli \u00e1 umhverfinu. Efni\u00f0 stu\u00f0lar a\u00f0 auknum skilningi \u00e1 \u00e1hrifum \u00ed\u00fer\u00f3tta \u00e1 umhverfi\u00f0, skipulagningu og framkv\u00e6md \u00ed\u00fer\u00f3tta \u00e1samt \u00fev\u00ed a\u00f0 huga a\u00f0 umhverfisvernd.<\/p>\n<\/div>\n<p>\n    <a href=\"\/wp-content\/uploads\/2023\/07\/GreenLeague_TrainingPackage.pdf\">\u00cd\u00fer\u00f3tta- og umhverfis\u00fej\u00e1lfunarefni<\/a>\n<\/p>\n<h4>\u00cdtarefni<\/h4>\n<div>\n<div><span>H\u00e9r m\u00e1 finna frekara \u00edtarefni sem h\u00e6gt er a\u00f0 nota me\u00f0 \u00fej\u00e1lfunarefninu, b\u00e6\u00f0i fyrir \u00ed\u00fer\u00f3ttir og umhverfi\u00f0.<\/span><\/div>\n<\/div>\n<ul>\n<li>\n        <a href=\"\/wp-content\/uploads\/2023\/07\/GreenLeague_Characteristics-of-Ecosystems_CESIE.pdf\"> Vi\u00f0auki I- Eigindi vistkerfisins <\/a>\n    <\/li>\n<li>\n        <a href=\"\/wp-content\/uploads\/2023\/07\/GreenLeague_Potential-Threats-to-the-Ecosystem_CARDET-.pdf\"> Vi\u00f0auki II- M\u00f6gulegar h\u00e6ttur vistkerfisins af \u00ed\u00fer\u00f3ttai\u00f0kun <\/a>\n    <\/li>\n<li>\n        <a href=\"\/wp-content\/uploads\/2023\/07\/Legistaliton.pdf\"> Vi\u00f0auki III- L\u00f6ggj\u00f6f og tilskipanir Evr\u00f3pusambandsins <\/a>\n    <\/li>\n<li>\n        <a href=\"\/wp-content\/uploads\/2023\/07\/How-Sports-impact-the-environment_EINURD.pdf\"> Vi\u00f0auki IV- Hvernig \u00ed\u00fer\u00f3ttir hafa \u00e1hrif \u00e1 umhverfi\u00f0 <\/a>\n    <\/li>\n<li>\n        <a href=\"\/wp-content\/uploads\/2023\/07\/Presentation_How-to-plan-_-deliver-sport-activities_KMOP_vf.pdf\"> Vi\u00f0auki V- Hvernig skal \u00fatf\u00e6ra \u00ed\u00fer\u00f3ttavi\u00f0bur\u00f0i \u00ed n\u00e1tturunni me\u00f0 sem minnstri r\u00f6skun <\/a>\n    <\/li>\n<li>\n        <a href=\"\/wp-content\/uploads\/2023\/07\/GreenLeague-Workshop-presentation-APGA-Potencial-of-sport.pdf\"> Vi\u00f0auki VI- Vitundarvakning um mikilv\u00e6gi gr\u00e6nnar \u00ed\u00fer\u00f3ttai\u00f0kuna <\/a>\n    <\/li>\n<\/ul>\n<p><img decoding=\"async\" src=\"\/wp-content\/uploads\/2024\/02\/4ICONS_WEBSITE_GREENLEAGUE_020623_mk-02.png\" alt=\"\"><\/p>\n<h3>\n<p><span>Nature\u2019s Four Elements \u00ed\u00fer\u00f3ttavi\u00f0bur\u00f0ir lei\u00f0beiningar<\/span><\/p>\n<\/h3>\n<div>\n<div><span>Lei\u00f0beiningarnar um \u00ed\u00fer\u00f3ttavi\u00f0bur\u00f0ina eru hanna\u00f0ar til a\u00f0 a\u00f0sto\u00f0a \u00ed\u00fer\u00f3ttamenn, \u00ed\u00fer\u00f3ttaf\u00e9l\u00f6g og a\u00f0ra <\/span> <span>\u00a0a\u00f0 halda \u00ed\u00fer\u00f3ttavi\u00f0bur\u00f0i sem auka umhverfisvitund. Markmi\u00f0 \u00feeirra er a\u00f0 gera betri tengingu \u00e1 milli umhverfisvitundar og \u00ed\u00fer\u00f3ttai\u00f0kunnar<\/span>.<\/div>\n<p><span>\u00a0<\/span><\/p>\n<\/div>\n<p>\n    <a href=\"\/wp-content\/uploads\/2025\/01\/GreenLeague_Outlines_Final_IS.pdf\">Hla\u00f0a ni\u00f0ur<\/a>\n<\/p>\n<p><img decoding=\"async\" src=\"\/wp-content\/uploads\/2024\/12\/sport_environmental-02.png\" alt=\"\"><\/p>\n<h3>\n<p><span>Lei\u00f0beiningar um framkv\u00e6md Green League m\u00f3tara\u00f0ar &#8211; Sam\u00fe\u00e6tting \u00ed\u00fer\u00f3tta og umhverfisverndar<\/span><\/p>\n<\/h3>\n<div>\n<p><span>Lei\u00f0beiningarnar um hvernig sam\u00fe\u00e6tta m\u00e1 \u00ed\u00fer\u00f3ttavi\u00f0bur\u00f0i og a\u00f0ger\u00f0ir \u00ed umhverfism\u00e1lum, me\u00f0 \u00fev\u00ed a\u00f0 halda m\u00f3t \u00ed h\u00f3p\u00ed\u00fer\u00f3ttum og bo\u00f0hlaupi \u00fear sem keppendur f\u00e1 stig b\u00e6\u00f0i fyrir \u00e1rangur \u00ed keppnum og framlag til, umhverfisvendar, svo sem me\u00f0 plokki \u00e1 m\u00f3tssv\u00e6\u00f0i.<\/span><\/p>\n<\/div>\n<p>\n    <a href=\"\/wp-content\/uploads\/2024\/12\/GreenLeague_WP4_Guidelines_IS.pdf\">Hla\u00f0a ni\u00f0ur <\/a>\n<\/p>\n<p><!--more--><br \/>\n<!-- {\"type\":\"layout\",\"children\":[{\"type\":\"section\",\"props\":{\"height\":\"page\",\"image_position\":\"center-center\",\"padding_remove_top\":true,\"style\":\"default\",\"title_breakpoint\":\"xl\",\"title_position\":\"top-left\",\"title_rotation\":\"left\",\"vertical_align\":\"\",\"width\":\"default\"},\"children\":[{\"type\":\"row\",\"children\":[{\"type\":\"column\",\"props\":{\"image_position\":\"center-center\",\"position_sticky_breakpoint\":\"m\"},\"children\":[{\"type\":\"headline\",\"props\":{\"content\":\"Ni\\u00f0urst\\u00f6\\u00f0ur\",\"margin_remove_top\":true,\"title_color\":\"success\",\"title_element\":\"h1\",\"title_style\":\"h1\"}}]}]},{\"type\":\"row\",\"props\":{\"layout\":\"1-3,2-3\"},\"children\":[{\"type\":\"column\",\"props\":{\"image_position\":\"center-center\",\"position_sticky_breakpoint\":\"m\",\"width_medium\":\"1-3\"},\"children\":[{\"type\":\"image\",\"props\":{\"image\":\"wp-content\\\/uploads\\\/2023\\\/10\\\/aboutTheModel.png\",\"image_svg_color\":\"emphasis\",\"margin\":\"default\"}}]},{\"type\":\"column\",\"props\":{\"image_position\":\"center-center\",\"position_sticky_breakpoint\":\"m\",\"vertical_align\":\"middle\",\"width_medium\":\"2-3\"},\"children\":[{\"type\":\"headline\",\"props\":{\"content\":\"Green League l\\u00edkani\\u00f0\",\"title_element\":\"h3\",\"title_style\":\"h3\"}},{\"type\":\"text\",\"props\":{\"column_breakpoint\":\"m\",\"content\":\"\n\n<p>Green League l\\u00edkani\\u00f0 er rammi sem samt\\u00f6k geta n\\u00fdtt s\\u00e9r til a\\u00f0 stu\\u00f0la a\\u00f0 sj\\u00e1lfb\\u00e6rum og umhverfisv\\u00e6num starfsh\\u00e1ttum. H\\u00fan byggir \\u00e1 \\u00feremur megin\\u00fe\\u00e1ttum: skipulagi, framkv\\u00e6md og kynningu.<\\\/p>\",\"margin\":\"default\"}},{\"type\":\"button\",\"props\":{\"grid_column_gap\":\"small\",\"grid_row_gap\":\"small\",\"margin\":\"default\"},\"children\":[{\"type\":\"button_item\",\"props\":{\"button_style\":\"primary\",\"content\":\"Hla\\u00f0a ni\\u00f0ur \",\"icon_align\":\"left\",\"link\":\"wp-content\\\/uploads\\\/2023\\\/11\\\/Green-League_Model_Final-Version_IS.pdf\",\"link_target\":\"blank\"}}]}]}]},{\"type\":\"row\",\"props\":{\"layout\":\"1-3,2-3\"},\"children\":[{\"type\":\"column\",\"props\":{\"image_position\":\"center-center\",\"position_sticky_breakpoint\":\"m\",\"width_medium\":\"1-3\"},\"children\":[{\"type\":\"image\",\"props\":{\"image\":\"wp-content\\\/uploads\\\/2023\\\/07\\\/caseStudies.png\",\"image_svg_color\":\"emphasis\",\"margin\":\"default\"}}]},{\"type\":\"column\",\"props\":{\"image_position\":\"center-center\",\"position_sticky_breakpoint\":\"m\",\"vertical_align\":\"middle\",\"width_medium\":\"2-3\"},\"children\":[{\"type\":\"headline\",\"props\":{\"content\":\"Ferilsathuganir\",\"title_element\":\"h3\",\"title_style\":\"h3\"}},{\"type\":\"text\",\"props\":{\"column_breakpoint\":\"m\",\"content\":\"\n\n<p>Ferilsathugunarsafni\\u00f0 er samantekt \\u00e1rangursr\\u00edkra a\\u00f0ger\\u00f0a innan Evr\\u00f3pusambandsins sem hafa \\u00ed\\u00fer\\u00f3ttir a\\u00f0 lei\\u00f0arlj\\u00f3si. Markmi\\u00f0i\\u00f0 er a\\u00f0 hvetja hagsmunaa\\u00f0ila innan \\u00ed\\u00fer\\u00f3ttahreyfingarinnar til a\\u00f0 endurtaka sl\\u00edkar a\\u00f0ger\\u00f0ir og brei\\u00f0a \\u00fat bo\\u00f0skap umhverfis- og lofstslagsm\\u00e1la.<\\\/p>\",\"margin\":\"default\"}},{\"type\":\"button\",\"props\":{\"grid_column_gap\":\"small\",\"grid_row_gap\":\"small\",\"margin\":\"default\"},\"children\":[{\"type\":\"button_item\",\"props\":{\"button_style\":\"primary\",\"content\":\"Evr\\u00f3pusambandi\\u00f0\",\"icon_align\":\"left\",\"link\":\"wp-content\\\/uploads\\\/2023\\\/09\\\/Green-League_Case-Studies_EU_IS.pdf\",\"link_target\":\"blank\"}},{\"type\":\"button_item\",\"props\":{\"button_style\":\"primary\",\"content\":\"K\\u00fdpur\",\"icon_align\":\"left\",\"link\":\"wp-content\\\/uploads\\\/2023\\\/09\\\/Green-League_Case-Studies_Cyprus_IS.pdf\",\"link_target\":\"blank\"}},{\"type\":\"button_item\",\"props\":{\"button_style\":\"primary\",\"content\":\"Grikkland\",\"icon_align\":\"left\",\"link\":\"wp-content\\\/uploads\\\/2023\\\/09\\\/Green-League_Case-Studies_Greece_IS.pdf\",\"link_target\":\"blank\"}},{\"type\":\"button_item\",\"props\":{\"button_style\":\"primary\",\"content\":\"\\u00cdsland\",\"icon_align\":\"left\",\"link\":\"wp-content\\\/uploads\\\/2023\\\/09\\\/Green-League_Case-Studies_Iceland_IS.pdf\",\"link_target\":\"blank\"}},{\"type\":\"button_item\",\"props\":{\"button_style\":\"primary\",\"content\":\"\\u00cdtal\\u00eda\",\"icon_align\":\"left\",\"link\":\"wp-content\\\/uploads\\\/2023\\\/09\\\/Green-League_Case-Studies_Italy_IS.pdf\",\"link_target\":\"blank\"}},{\"type\":\"button_item\",\"props\":{\"button_style\":\"primary\",\"content\":\"Sl\\u00f3ven\\u00eda\",\"icon_align\":\"left\",\"link\":\"wp-content\\\/uploads\\\/2023\\\/09\\\/Green-League_Case-Studies_Slovenia_IS.pdf\",\"link_target\":\"blank\"}},{\"type\":\"button_item\",\"props\":{\"button_style\":\"primary\",\"content\":\"Allar ferilsathuganirnar\",\"icon_align\":\"left\",\"link\":\"wp-content\\\/uploads\\\/2023\\\/07\\\/Green-League_Case-Studies_Final-ALL.pdf\",\"link_target\":\"blank\"}}]}]}]},{\"type\":\"row\",\"props\":{\"layout\":\"1-3,2-3\"},\"children\":[{\"type\":\"column\",\"props\":{\"image_position\":\"center-center\",\"position_sticky_breakpoint\":\"m\",\"vertical_align\":\"middle\",\"width_medium\":\"1-3\"},\"children\":[{\"type\":\"image\",\"props\":{\"image\":\"wp-content\\\/uploads\\\/2023\\\/07\\\/trainingPack.png\",\"image_svg_color\":\"emphasis\",\"margin\":\"default\"}}]},{\"type\":\"column\",\"props\":{\"image_position\":\"center-center\",\"position_sticky_breakpoint\":\"m\",\"vertical_align\":\"middle\",\"width_medium\":\"2-3\"},\"children\":[{\"type\":\"headline\",\"props\":{\"content\":\"\\u00dej\\u00e1lfunarefni\",\"title_element\":\"h3\",\"title_style\":\"h3\"}},{\"type\":\"text\",\"props\":{\"column_breakpoint\":\"m\",\"content\":\"\n\n<p>\\u00cd\\u00fer\\u00f3tta- og umhverfis\\u00fej\\u00e1lfunarefni\\u00f0 er \\u00e6tla\\u00f0 til \\u00feess a\\u00f0 samtvinna \\u00fej\\u00e1lfun og fr\\u00e6\\u00f0slu \\u00e1 umhverfism\\u00e1lum. \\u00deessu er n\\u00e1\\u00f0 fram me\\u00f0 \\u00fev\\u00ed a\\u00f0 n\\u00fdta n\\u00e1tt\\u00faruna til \\u00e6finga og vekja \\u00feannig samt\\u00edmis athygli \\u00e1 umhverfinu. Efni\\u00f0 stu\\u00f0lar a\\u00f0 auknum skilningi \\u00e1 \\u00e1hrifum \\u00ed\\u00fer\\u00f3tta \\u00e1 umhverfi\\u00f0, skipulagningu og framkv\\u00e6md \\u00ed\\u00fer\\u00f3tta \\u00e1samt \\u00fev\\u00ed a\\u00f0 huga a\\u00f0 umhverfisvernd.<\\\/p>\",\"margin\":\"default\"}},{\"type\":\"button\",\"props\":{\"grid_column_gap\":\"small\",\"grid_row_gap\":\"small\",\"margin\":\"default\"},\"children\":[{\"type\":\"button_item\",\"props\":{\"button_style\":\"primary\",\"content\":\"\\u00cd\\u00fer\\u00f3tta- og umhverfis\\u00fej\\u00e1lfunarefni\",\"icon_align\":\"left\",\"link\":\"wp-content\\\/uploads\\\/2023\\\/07\\\/GreenLeague_TrainingPackage.pdf\",\"link_target\":\"blank\"}}]},{\"type\":\"headline\",\"props\":{\"content\":\"\\u00cdtarefni\",\"css\":\".el-element{\\n\\tletter-spacing: 0;\\n    text-transform: none;\\n}\",\"title_element\":\"h4\",\"title_style\":\"h4\"}},{\"type\":\"text\",\"props\":{\"column_breakpoint\":\"m\",\"content\":\"\n\n<div><span>H\\u00e9r m\\u00e1 finna frekara \\u00edtarefni sem h\\u00e6gt er a\\u00f0 nota me\\u00f0 \\u00fej\\u00e1lfunarefninu, b\\u00e6\\u00f0i fyrir \\u00ed\\u00fer\\u00f3ttir og umhverfi\\u00f0.<\\\/span><\\\/div>\",\"margin\":\"default\"}},{\"type\":\"button\",\"props\":{\"grid_column_gap\":\"small\",\"grid_row_gap\":\"small\",\"margin\":\"default\"},\"children\":[{\"type\":\"button_item\",\"props\":{\"button_style\":\"primary\",\"content\":\" Vi\\u00f0auki I- Eigindi vistkerfisins \",\"icon_align\":\"left\",\"link\":\"wp-content\\\/uploads\\\/2023\\\/07\\\/GreenLeague_Characteristics-of-Ecosystems_CESIE.pdf\",\"link_target\":\"blank\"}},{\"type\":\"button_item\",\"props\":{\"button_style\":\"primary\",\"content\":\" Vi\\u00f0auki II- M\\u00f6gulegar h\\u00e6ttur vistkerfisins af \\u00ed\\u00fer\\u00f3ttai\\u00f0kun \",\"icon_align\":\"left\",\"link\":\"wp-content\\\/uploads\\\/2023\\\/07\\\/GreenLeague_Potential-Threats-to-the-Ecosystem_CARDET-.pdf\",\"link_target\":\"blank\"}},{\"type\":\"button_item\",\"props\":{\"button_style\":\"primary\",\"content\":\" Vi\\u00f0auki III- L\\u00f6ggj\\u00f6f og tilskipanir Evr\\u00f3pusambandsins \",\"icon_align\":\"left\",\"link\":\"wp-content\\\/uploads\\\/2023\\\/07\\\/Legistaliton.pdf\",\"link_target\":\"blank\"}},{\"type\":\"button_item\",\"props\":{\"button_style\":\"primary\",\"content\":\" Vi\\u00f0auki IV- Hvernig \\u00ed\\u00fer\\u00f3ttir hafa \\u00e1hrif \\u00e1 umhverfi\\u00f0 \",\"icon_align\":\"left\",\"link\":\"wp-content\\\/uploads\\\/2023\\\/07\\\/How-Sports-impact-the-environment_EINURD.pdf\",\"link_target\":\"blank\"}},{\"type\":\"button_item\",\"props\":{\"button_style\":\"primary\",\"content\":\" Vi\\u00f0auki V- Hvernig skal \\u00fatf\\u00e6ra \\u00ed\\u00fer\\u00f3ttavi\\u00f0bur\\u00f0i \\u00ed n\\u00e1tturunni me\\u00f0 sem minnstri r\\u00f6skun \",\"icon_align\":\"left\",\"link\":\"wp-content\\\/uploads\\\/2023\\\/07\\\/Presentation_How-to-plan-_-deliver-sport-activities_KMOP_vf.pdf\",\"link_target\":\"blank\"}},{\"type\":\"button_item\",\"props\":{\"button_style\":\"primary\",\"content\":\" Vi\\u00f0auki VI- Vitundarvakning um mikilv\\u00e6gi gr\\u00e6nnar \\u00ed\\u00fer\\u00f3ttai\\u00f0kuna \",\"icon_align\":\"left\",\"link\":\"wp-content\\\/uploads\\\/2023\\\/07\\\/GreenLeague-Workshop-presentation-APGA-Potencial-of-sport.pdf\",\"link_target\":\"blank\"}}]}]}]},{\"type\":\"row\",\"props\":{\"layout\":\"1-3,2-3\"},\"children\":[{\"type\":\"column\",\"props\":{\"image_position\":\"center-center\",\"position_sticky_breakpoint\":\"m\",\"width_medium\":\"1-3\"},\"children\":[{\"type\":\"image\",\"props\":{\"image\":\"wp-content\\\/uploads\\\/2024\\\/02\\\/4ICONS_WEBSITE_GREENLEAGUE_020623_mk-02.png\",\"image_svg_color\":\"emphasis\",\"margin\":\"default\"}}]},{\"type\":\"column\",\"props\":{\"image_position\":\"center-center\",\"position_sticky_breakpoint\":\"m\",\"vertical_align\":\"middle\",\"width_medium\":\"2-3\"},\"children\":[{\"type\":\"headline\",\"props\":{\"content\":\"\n\n<p><span>Nature\\u2019s Four Elements \\u00ed\\u00fer\\u00f3ttavi\\u00f0bur\\u00f0ir lei\\u00f0beiningar<\\\/span><\\\/p>\",\"title_element\":\"h3\",\"title_style\":\"h3\"}},{\"type\":\"text\",\"props\":{\"column_breakpoint\":\"m\",\"content\":\"\n\n<div><span>Lei\\u00f0beiningarnar um \\u00ed\\u00fer\\u00f3ttavi\\u00f0bur\\u00f0ina eru hanna\\u00f0ar til a\\u00f0 a\\u00f0sto\\u00f0a \\u00ed\\u00fer\\u00f3ttamenn, \\u00ed\\u00fer\\u00f3ttaf\\u00e9l\\u00f6g og a\\u00f0ra <\\\/span> <span>\\u00a0a\\u00f0 halda \\u00ed\\u00fer\\u00f3ttavi\\u00f0bur\\u00f0i sem auka umhverfisvitund. Markmi\\u00f0 \\u00feeirra er a\\u00f0 gera betri tengingu \\u00e1 milli umhverfisvitundar og \\u00ed\\u00fer\\u00f3ttai\\u00f0kunnar<\\\/span>.<\\\/div>\\n\n\n<p><span>\\u00a0<\\\/span><\\\/p>\",\"margin\":\"default\"}},{\"type\":\"button\",\"props\":{\"grid_column_gap\":\"small\",\"grid_row_gap\":\"small\",\"margin\":\"default\"},\"children\":[{\"type\":\"button_item\",\"props\":{\"button_style\":\"primary\",\"content\":\"Hla\\u00f0a ni\\u00f0ur\",\"icon_align\":\"left\",\"link\":\"wp-content\\\/uploads\\\/2025\\\/01\\\/GreenLeague_Outlines_Final_IS.pdf\",\"link_target\":\"blank\"}}]}]}]},{\"type\":\"row\",\"props\":{\"layout\":\"1-3,2-3\"},\"children\":[{\"type\":\"column\",\"props\":{\"image_position\":\"center-center\",\"position_sticky_breakpoint\":\"m\",\"width_medium\":\"1-3\"},\"children\":[{\"type\":\"image\",\"props\":{\"image\":\"wp-content\\\/uploads\\\/2024\\\/12\\\/sport_environmental-02.png\",\"image_svg_color\":\"emphasis\",\"margin\":\"default\"}}]},{\"type\":\"column\",\"props\":{\"image_position\":\"center-center\",\"position_sticky_breakpoint\":\"m\",\"vertical_align\":\"middle\",\"width_medium\":\"2-3\"},\"children\":[{\"type\":\"headline\",\"props\":{\"content\":\"\n\n<p><span>Lei\\u00f0beiningar um framkv\\u00e6md Green League m\\u00f3tara\\u00f0ar - Sam\\u00fe\\u00e6tting \\u00ed\\u00fer\\u00f3tta og umhverfisverndar<\\\/span><\\\/p>\",\"title_element\":\"h3\",\"title_style\":\"h3\"}},{\"type\":\"text\",\"props\":{\"column_breakpoint\":\"m\",\"content\":\"\n\n<p><span>Lei\\u00f0beiningarnar um hvernig sam\\u00fe\\u00e6tta m\\u00e1 \\u00ed\\u00fer\\u00f3ttavi\\u00f0bur\\u00f0i og a\\u00f0ger\\u00f0ir \\u00ed umhverfism\\u00e1lum, me\\u00f0 \\u00fev\\u00ed a\\u00f0 halda m\\u00f3t \\u00ed h\\u00f3p\\u00ed\\u00fer\\u00f3ttum og bo\\u00f0hlaupi \\u00fear sem keppendur f\\u00e1 stig b\\u00e6\\u00f0i fyrir \\u00e1rangur \\u00ed keppnum og framlag til, umhverfisvendar, svo sem me\\u00f0 plokki \\u00e1 m\\u00f3tssv\\u00e6\\u00f0i.<\\\/span><\\\/p>\",\"margin\":\"default\"}},{\"type\":\"button\",\"props\":{\"grid_column_gap\":\"small\",\"grid_row_gap\":\"small\",\"margin\":\"default\"},\"children\":[{\"type\":\"button_item\",\"props\":{\"button_style\":\"primary\",\"content\":\"Hla\\u00f0a ni\\u00f0ur \",\"icon_align\":\"left\",\"link\":\"wp-content\\\/uploads\\\/2024\\\/12\\\/GreenLeague_WP4_Guidelines_IS.pdf\",\"link_target\":\"blank\"}}]}]}]}]}],\"version\":\"4.4.12\"} --><\/p>\n","protected":false},"excerpt":{"rendered":"<p>Ni\u00f0urst\u00f6\u00f0ur Green League l\u00edkani\u00f0 Green League l\u00edkani\u00f0 er rammi sem samt\u00f6k geta n\u00fdtt s\u00e9r til a\u00f0 stu\u00f0la a\u00f0 sj\u00e1lfb\u00e6rum og umhverfisv\u00e6num starfsh\u00e1ttum. H\u00fan byggir \u00e1..<\/p>\n","protected":false},"author":1,"featured_media":0,"parent":0,"menu_order":0,"comment_status":"closed","ping_status":"closed","template":"","meta":{"_acf_changed":false,"inline_featured_image":false,"footnotes":""},"class_list":["post-1218","page","type-page","status-publish","hentry"],"acf":[],"_links":{"self":[{"href":"https:\/\/green-league.eu\/is\/wp-json\/wp\/v2\/pages\/1218","targetHints":{"allow":["GET"]}}],"collection":[{"href":"https:\/\/green-league.eu\/is\/wp-json\/wp\/v2\/pages"}],"about":[{"href":"https:\/\/green-league.eu\/is\/wp-json\/wp\/v2\/types\/page"}],"author":[{"embeddable":true,"href":"https:\/\/green-league.eu\/is\/wp-json\/wp\/v2\/users\/1"}],"replies":[{"embeddable":true,"href":"https:\/\/green-league.eu\/is\/wp-json\/wp\/v2\/comments?post=1218"}],"version-history":[{"count":13,"href":"https:\/\/green-league.eu\/is\/wp-json\/wp\/v2\/pages\/1218\/revisions"}],"predecessor-version":[{"id":2107,"href":"https:\/\/green-league.eu\/is\/wp-json\/wp\/v2\/pages\/1218\/revisions\/2107"}],"wp:attachment":[{"href":"https:\/\/green-league.eu\/is\/wp-json\/wp\/v2\/media?parent=1218"}],"curies":[{"name":"wp","href":"https:\/\/api.w.org\/{rel}","templated":true}]}}