{"id":953,"date":"2022-02-24T14:11:38","date_gmt":"2022-02-24T14:11:38","guid":{"rendered":"https:\/\/green-league.eu\/contact\/"},"modified":"2023-04-05T13:22:44","modified_gmt":"2023-04-05T13:22:44","slug":"contact","status":"publish","type":"page","link":"https:\/\/green-league.eu\/is\/contact\/","title":{"rendered":"Hafa samband"},"content":{"rendered":"<div>\n\n<div class=\"wpcf7 no-js\" id=\"wpcf7-f1017-o1\" lang=\"is-IS\" dir=\"ltr\" data-wpcf7-id=\"1017\">\n<div class=\"screen-reader-response\"><p role=\"status\" aria-live=\"polite\" aria-atomic=\"true\"><\/p> <ul><\/ul><\/div>\n<form action=\"\/is\/wp-json\/wp\/v2\/pages\/953#wpcf7-f1017-o1\" method=\"post\" class=\"wpcf7-form init\" aria-label=\"Contact form\" novalidate=\"novalidate\" data-status=\"init\">\n<fieldset class=\"hidden-fields-container\"><input type=\"hidden\" name=\"_wpcf7\" value=\"1017\" \/><input type=\"hidden\" name=\"_wpcf7_version\" value=\"6.1.5\" \/><input type=\"hidden\" name=\"_wpcf7_locale\" value=\"is_IS\" \/><input type=\"hidden\" name=\"_wpcf7_unit_tag\" value=\"wpcf7-f1017-o1\" \/><input type=\"hidden\" name=\"_wpcf7_container_post\" value=\"0\" \/><input type=\"hidden\" name=\"_wpcf7_posted_data_hash\" value=\"\" \/><input type=\"hidden\" name=\"_wpcf7_recaptcha_response\" value=\"\" \/>\n<\/fieldset>\n<div class=\"uk-margin uk-flex\">\n\t<div class=\"uk-inline uk-width-1-2@m uk-width-1-1@s\">\n\t\t<p><span class=\"wpcf7-form-control-wrap\" data-name=\"your-name\"><input size=\"40\" maxlength=\"400\" class=\"wpcf7-form-control wpcf7-text wpcf7-validates-as-required uk-input uk-margin-small-bottom\" aria-required=\"true\" aria-invalid=\"false\" placeholder=\"Skrifa\u00f0u nafni\u00f0 \u00feitt\" value=\"\" type=\"text\" name=\"your-name\" \/><\/span>\n\t\t<\/p>\n\t<\/div>\n\t<div class=\"uk-width-1-2@m uk-width-1-1@s uk-inline\">\n\t\t<p><span class=\"wpcf7-form-control-wrap\" data-name=\"your-email\"><input size=\"40\" maxlength=\"400\" class=\"wpcf7-form-control wpcf7-email wpcf7-validates-as-required wpcf7-text wpcf7-validates-as-email uk-input uk-margin-small-bottom\" aria-required=\"true\" aria-invalid=\"false\" placeholder=\"Skrifa\u00f0u t\u00f6lvup\u00f3stinn \u00feinn\" value=\"\" type=\"email\" name=\"your-email\" \/><\/span>\n\t\t<\/p>\n\t<\/div>\n<\/div>\n<div class=\"uk-margin\">\n\t<p><span class=\"wpcf7-form-control-wrap\" data-name=\"your-subject\"><input size=\"40\" maxlength=\"400\" class=\"wpcf7-form-control wpcf7-text wpcf7-validates-as-required uk-input uk-margin-small-bottom\" aria-required=\"true\" aria-invalid=\"false\" placeholder=\"Skrifa\u00f0u fyrirs\u00f6gn\" value=\"\" type=\"text\" name=\"your-subject\" \/><\/span>\n\t<\/p>\n<\/div>\n<div class=\"uk-margin\">\n<\/div>\n<div class=\"uk-margin\">\n\t<p><span class=\"wpcf7-form-control-wrap\" data-name=\"your-message\"><textarea cols=\"40\" rows=\"10\" maxlength=\"2000\" class=\"wpcf7-form-control wpcf7-textarea uk-textarea uk-margin-small-bottom\" aria-invalid=\"false\" placeholder=\"Skrifa\u00f0u \u00fe\u00edn skilabo\u00f0\" name=\"your-message\"><\/textarea><\/span>\n\t<\/p>\n<\/div>\n<div class=\"uk-margin uk-text-center\"\n<input class=\"wpcf7-form-control wpcf7-submit has-spinner uk-button uk-button-primary\" type=\"submit\" value=\"Senda E-mail\" \/>\n<\/div><div class=\"wpcf7-response-output\" aria-hidden=\"true\"><\/div>\n<\/form>\n<\/div>\n\n<\/div>\n<p><img decoding=\"async\" src=\"\/wp-content\/uploads\/2022\/12\/contact-icon.png\" alt=\"\"><\/p>\n<p><!--more--><br \/>\n<!-- {\"type\":\"layout\",\"children\":[{\"type\":\"section\",\"props\":{\"style\":\"default\",\"width\":\"default\",\"vertical_align\":\"middle\",\"title_position\":\"top-left\",\"title_rotation\":\"left\",\"title_breakpoint\":\"xl\",\"image_position\":\"center-center\",\"padding_remove_top\":true},\"children\":[{\"type\":\"row\",\"children\":[{\"type\":\"column\",\"props\":{\"position_sticky_breakpoint\":\"m\",\"image_position\":\"center-center\",\"media_overlay_gradient\":\"\"},\"children\":[{\"type\":\"headline\",\"props\":{\"title_element\":\"h1\",\"title_style\":\"h1\",\"title_color\":\"success\"},\"source\":{\"query\":{\"name\":\"pages.singlePage\"},\"props\":{\"content\":{\"filters\":{\"search\":\"\"},\"name\":\"title\"}}}}]}]},{\"type\":\"row\",\"props\":{\"layout\":\"1-2,1-2\"},\"children\":[{\"type\":\"column\",\"props\":{\"position_sticky_breakpoint\":\"m\",\"image_position\":\"center-center\",\"media_overlay_gradient\":\"\",\"width_medium\":\"1-2\",\"vertical_align\":\"middle\"},\"children\":[{\"type\":\"text\",\"props\":{\"margin\":\"default\",\"column_breakpoint\":\"m\",\"content\":\"\n\n<p>[contact-form-7 id=\\\"1017\\\" title=\\\"Contact form IS\\\"]<\\\/p>\",\"css\":\".wpcf7-spinner {display:block;}\"}}]},{\"type\":\"column\",\"props\":{\"position_sticky_breakpoint\":\"m\",\"image_position\":\"center-center\",\"media_overlay_gradient\":\"\",\"width_medium\":\"1-2\",\"vertical_align\":\"middle\"},\"children\":[{\"type\":\"image\",\"props\":{\"margin\":\"default\",\"image_svg_color\":\"emphasis\",\"image\":\"wp-content\\\/uploads\\\/2022\\\/12\\\/contact-icon.png\",\"image_width\":\"75%\",\"text_align\":\"center\"}}]}]}]}],\"version\":\"3.0.9\"} --><\/p>\n","protected":false},"excerpt":{"rendered":"","protected":false},"author":1,"featured_media":0,"parent":0,"menu_order":0,"comment_status":"closed","ping_status":"closed","template":"","meta":{"_acf_changed":false,"inline_featured_image":false,"footnotes":""},"class_list":["post-953","page","type-page","status-publish","hentry"],"acf":[],"_links":{"self":[{"href":"https:\/\/green-league.eu\/is\/wp-json\/wp\/v2\/pages\/953","targetHints":{"allow":["GET"]}}],"collection":[{"href":"https:\/\/green-league.eu\/is\/wp-json\/wp\/v2\/pages"}],"about":[{"href":"https:\/\/green-league.eu\/is\/wp-json\/wp\/v2\/types\/page"}],"author":[{"embeddable":true,"href":"https:\/\/green-league.eu\/is\/wp-json\/wp\/v2\/users\/1"}],"replies":[{"embeddable":true,"href":"https:\/\/green-league.eu\/is\/wp-json\/wp\/v2\/comments?post=953"}],"version-history":[{"count":2,"href":"https:\/\/green-league.eu\/is\/wp-json\/wp\/v2\/pages\/953\/revisions"}],"predecessor-version":[{"id":1029,"href":"https:\/\/green-league.eu\/is\/wp-json\/wp\/v2\/pages\/953\/revisions\/1029"}],"wp:attachment":[{"href":"https:\/\/green-league.eu\/is\/wp-json\/wp\/v2\/media?parent=953"}],"curies":[{"name":"wp","href":"https:\/\/api.w.org\/{rel}","templated":true}]}}