{"id":960,"date":"2022-02-24T14:11:37","date_gmt":"2022-02-24T14:11:37","guid":{"rendered":"https:\/\/green-league.eu\/our-experience\/"},"modified":"2025-02-05T13:35:19","modified_gmt":"2025-02-05T13:35:19","slug":"our-experience","status":"publish","type":"page","link":"https:\/\/green-league.eu\/is\/our-experience\/","title":{"rendered":"Okkar upplifun"},"content":{"rendered":"<p><img decoding=\"async\" src=\"\/wp-content\/uploads\/2022\/12\/experience.png\" alt=\"\"><\/p>\n<h4>Al\u00fej\u00f3\u00f0legar samstarfs n\u00e1mskei\u00f0 \u2013 Slovenj Gradec, Slovenia<\/h4>\n<div>\n<p>Sex atvinnu \u00ed\u00fer\u00f3ttamenn fr\u00e1 mismunandi l\u00f6ndum innan Evr\u00f3pu komu saman \u00ed Sl\u00f3ven\u00edu \u00ed 4 daga n\u00e1mskei\u00f0 til a\u00f0 auka umhverfisvitund s\u00edna innan \u00ed\u00fer\u00f3ttageirans og hvernig er h\u00e6gt a\u00f0 nota \u00ed\u00fer\u00f3ttir til a\u00f0 efla umhverfisvitund.<\/p>\n<\/div>\n<p><iframe src=\"https:\/\/www.youtube.com\/watch?v=Tx1xdL-PyyY\"><\/iframe><\/p>\n<h4><span data-bind=\"marked: {value: item.body, useMarkdown: item.contentType() == 'TEXT', collapseQuotes: true, openExternalLinksInNewTab: true}\">Green Zines <\/span><\/h4>\n<div>\n<p><span data-bind=\"marked: {value: item.body, useMarkdown: item.contentType() == 'TEXT', collapseQuotes: true, openExternalLinksInNewTab: true}\">Green Zines present our experience through photos, quotes and material collected by participants during the 8 local events in each partner country. Each zine represents a different element of nature (air, fire, water and earth) and is handmade. <\/span><\/p>\n<\/div>\n<ul>\n<li>\n        <a href=\"\/wp-content\/uploads\/2024\/03\/Green-League_Earth-Element.pdf\">Earth<\/a>\n    <\/li>\n<li>\n        <a href=\"\/wp-content\/uploads\/2024\/03\/Green-League_Air-Element.pdf\">Air<\/a>\n    <\/li>\n<li>\n        <a href=\"\/wp-content\/uploads\/2024\/03\/Green-League_Fire-Element.pdf\">Fire<\/a>\n    <\/li>\n<li>\n        <a href=\"\/wp-content\/uploads\/2024\/03\/Green-League_Water-Element.pdf\">Water<\/a>\n    <\/li>\n<\/ul>\n<h4><span data-bind=\"marked: {value: item.body, useMarkdown: item.contentType() == 'TEXT', collapseQuotes: true, openExternalLinksInNewTab: true}\">Green Champions- Sport events in nature<\/span><\/h4>\n<div>\n<p>Haldnir voru 8 \u00ed\u00fer\u00f3ttavi\u00f0bur\u00f0ir tengdir 4 frumefnum n\u00e1tt\u00farunnar (eldi, j\u00f6r\u00f0, vatni, lofti) \u00ed \u00f6llum samstarfsl\u00f6ndum Green League. Vi\u00f0bur\u00f0irnir voru skipulag\u00f0ir til a\u00f0 stu\u00f0la a\u00f0 aukinni umhverfisvitund \u00ed tengslum vi\u00f0 \u00ed\u00fer\u00f3ttai\u00f0kun. Eftirfarandi eru fr\u00e1sagnir \u00fe\u00e1tttakenda.<\/p>\n<\/div>\n<h5>Slovenia<\/h5>\n<p><iframe src=\"https:\/\/www.youtube.com\/watch?v=DcujZ_Usahc\"><\/iframe><br \/>\n<iframe src=\"https:\/\/www.youtube.com\/watch?v=ja4425EezgQ\"><\/iframe><\/p>\n<hr>\n<h5>Iceland<\/h5>\n<p><iframe src=\"https:\/\/www.youtube.com\/watch?v=Q7S9881q_UM\"><\/iframe><br \/>\n<iframe src=\"https:\/\/www.youtube.com\/watch?v=mDjsOPX-GMw\"><\/iframe><\/p>\n<hr>\n<h5>Cyprus<\/h5>\n<p><iframe src=\"https:\/\/www.youtube.com\/watch?v=cMmUcAFQC_E\"><\/iframe><br \/>\n<iframe src=\"https:\/\/www.youtube.com\/watch?v=dFFGN5tUYhQ\"><\/iframe><\/p>\n<hr>\n<h5>Greece<\/h5>\n<p><iframe src=\"https:\/\/www.youtube.com\/watch?v=JJB7qhaUMiM\"><\/iframe><br \/>\n<iframe src=\"https:\/\/www.youtube.com\/watch?v=oZHJm4yzfLA\"><\/iframe><\/p>\n<hr>\n<h5>Italy<\/h5>\n<p><iframe src=\"https:\/\/www.youtube.com\/watch?v=L2pVqKP3XFQ\"><\/iframe><br \/>\n<iframe src=\"https:\/\/www.youtube.com\/watch?v=jR9O7Mcs6dY\"><\/iframe><br \/>\n<iframe src=\"https:\/\/www.youtube.com\/watch?v=GoYKIpI4gO8\"><\/iframe><\/p>\n<hr>\n<h4>Gr\u00e6nir Meistarar &#8211; M\u00f3tar\u00f6\u00f0 Green League<\/h4>\n<div>\n<p>Samstarfsa\u00f0ilar skipul\u00f6g\u00f0u m\u00f3tar\u00f6\u00f0 \u00ed s\u00ednu heimalandi sem hluti af Green League verkefninu. \u00c1hersla var l\u00f6g\u00f0 \u00e1 keppni \u00ed h\u00f3p\u00ed\u00fer\u00f3ttum, bo\u00f0hlaupum og umhverfisvernd, sem s\u00f3tti innbl\u00e1stur fr\u00e1 \u201ePlokki\u201c, \u00fear sem rusl er safna\u00f0 samhli\u00f0a e\u00f0a \u00ed kringum \u00ed\u00fer\u00f3ttakeppnir. \u00de\u00e1tttakendur fengu stig b\u00e6\u00f0i fyrir \u00e1rangur \u00ed plokki og keppni. Ruslapoki var nota\u00f0ur \u00ed sta\u00f0 keflis \u00ed bo\u00f0hlaupum. Eftirfarandi eru vitnisbur\u00f0ir \u00fe\u00e1tttakenda og gesta.<\/p>\n<\/div>\n<p>\n    <a href=\"https:\/\/www.youtube.com\/playlist?list=PLsfR2a1B61tHdNmaYsPkok_SGnGqAKkd6\">Sko\u00f0a myndb\u00f6nd<\/a>\n<\/p>\n<h4>Vins\u00e6lir \u00ed\u00fer\u00f3ttamenn<\/h4>\n<div>\n<p>\u00cd hverju landi r\u00e6ddu vins\u00e6lir \u00ed\u00fer\u00f3ttamenn s\u00edn eigin gildi og markmi\u00f0 tengd \u00ed\u00fer\u00f3ttai\u00f0kun og hvernig \u00feau tengjast gildum og markmi\u00f0um verkefnisins, sem fyrirmyndir fyrir unga \u00ed\u00fer\u00f3ttamenn og \u00ed\u00fer\u00f3ttahreyfinuna.<\/p>\n<\/div>\n<p>\n    <a href=\"https:\/\/www.youtube.com\/playlist?list=PLsfR2a1B61tGy_gIiyeKfAkHMfTfXnRD5\">Sko\u00f0a myndb\u00f6nd<\/a>\n<\/p>\n<h4>Documentar<\/h4>\n<div>\n<p>Green League heimildarmyndin fer yfir \u00fer\u00f3un verkefnisins \u00ed \u00f6llum \u00fe\u00e1ttt\u00f6kul\u00f6ndunum.<\/p>\n<\/div>\n<p><iframe src=\"https:\/\/www.youtube.com\/watch?v=hWmgBsV1GL4&#038;t=31s\"><\/iframe><\/p>\n<p><!--more--><br \/>\n<!-- {\"type\":\"layout\",\"children\":[{\"type\":\"section\",\"props\":{\"height\":\"page\",\"image_position\":\"center-center\",\"padding_remove_top\":true,\"style\":\"default\",\"title_breakpoint\":\"xl\",\"title_position\":\"top-left\",\"title_rotation\":\"left\",\"vertical_align\":\"\",\"width\":\"default\"},\"children\":[{\"type\":\"row\",\"children\":[{\"type\":\"column\",\"props\":{\"image_position\":\"center-center\",\"position_sticky_breakpoint\":\"m\"},\"children\":[{\"type\":\"headline\",\"props\":{\"title_color\":\"success\",\"title_element\":\"h1\"},\"source\":{\"query\":{\"name\":\"pages.singlePage\"},\"props\":{\"content\":{\"filters\":{\"search\":\"\"},\"name\":\"title\"}}}}]}]},{\"type\":\"row\",\"props\":{\"layout\":\"1-3,2-3\"},\"children\":[{\"type\":\"column\",\"props\":{\"image_position\":\"center-center\",\"position_sticky_breakpoint\":\"m\",\"vertical_align\":\"middle\",\"width_medium\":\"1-3\"},\"children\":[{\"type\":\"image\",\"props\":{\"image\":\"wp-content\\\/uploads\\\/2022\\\/12\\\/experience.png\",\"image_svg_color\":\"emphasis\",\"margin\":\"default\"}}]},{\"type\":\"column\",\"props\":{\"image_position\":\"center-center\",\"position_sticky_breakpoint\":\"m\",\"vertical_align\":\"middle\",\"width_medium\":\"2-3\"},\"children\":[{\"type\":\"headline\",\"props\":{\"content\":\"Al\\u00fej\\u00f3\\u00f0legar samstarfs n\\u00e1mskei\\u00f0 \\u2013 Slovenj Gradec, Slovenia\",\"margin\":\"small\",\"margin_remove_top\":true,\"title_element\":\"h4\"}},{\"type\":\"text\",\"props\":{\"column_breakpoint\":\"m\",\"content\":\"\n\n<p>Sex atvinnu \\u00ed\\u00fer\\u00f3ttamenn fr\\u00e1 mismunandi l\\u00f6ndum innan Evr\\u00f3pu komu saman \\u00ed Sl\\u00f3ven\\u00edu \\u00ed 4 daga n\\u00e1mskei\\u00f0 til a\\u00f0 auka umhverfisvitund s\\u00edna innan \\u00ed\\u00fer\\u00f3ttageirans og hvernig er h\\u00e6gt a\\u00f0 nota \\u00ed\\u00fer\\u00f3ttir til a\\u00f0 efla umhverfisvitund.<\\\/p>\",\"margin\":\"default\",\"margin_remove_top\":true}},{\"type\":\"video\",\"props\":{\"css\":\".el-element iframe{\\n\\twidth: 80%;\\n  height: 300px;\\n  margin: 0 auto;\\n  text-align: center;\\n  display: block;\\n}\\n}\",\"margin\":\"default\",\"video\":\"https:\\\/\\\/www.youtube.com\\\/watch?v=Tx1xdL-PyyY\",\"video_controls\":true}}]}]},{\"type\":\"row\",\"children\":[{\"type\":\"column\",\"props\":{\"image_position\":\"center-center\",\"position_sticky_breakpoint\":\"m\"},\"children\":[{\"type\":\"headline\",\"props\":{\"content\":\"<span data-bind=\\\"marked: {value: item.body, useMarkdown: item.contentType() == 'TEXT', collapseQuotes: true, openExternalLinksInNewTab: true}\\\">Green Zines <\\\/span>\",\"margin\":\"small\",\"margin_remove_top\":true,\"title_element\":\"h4\"}},{\"type\":\"text\",\"props\":{\"column_breakpoint\":\"m\",\"content\":\"\n\n<p><span data-bind=\\\"marked: {value: item.body, useMarkdown: item.contentType() == 'TEXT', collapseQuotes: true, openExternalLinksInNewTab: true}\\\">Green Zines present our experience through photos, quotes and material collected by participants during the 8 local events in each partner country. Each zine represents a different element of nature (air, fire, water and earth) and is handmade. <\\\/span><\\\/p>\",\"margin\":\"default\"}},{\"type\":\"button\",\"props\":{\"grid_column_gap\":\"small\",\"grid_row_gap\":\"small\",\"margin\":\"default\"},\"children\":[{\"type\":\"button_item\",\"props\":{\"button_style\":\"primary\",\"content\":\"Earth\",\"icon_align\":\"left\",\"link\":\"wp-content\\\/uploads\\\/2024\\\/03\\\/Green-League_Earth-Element.pdf\",\"link_target\":\"blank\"}},{\"type\":\"button_item\",\"props\":{\"button_style\":\"primary\",\"content\":\"Air\",\"icon_align\":\"left\",\"link\":\"wp-content\\\/uploads\\\/2024\\\/03\\\/Green-League_Air-Element.pdf\",\"link_target\":\"blank\"}},{\"type\":\"button_item\",\"props\":{\"button_style\":\"primary\",\"content\":\"Fire\",\"icon_align\":\"left\",\"link\":\"wp-content\\\/uploads\\\/2024\\\/03\\\/Green-League_Fire-Element.pdf\",\"link_target\":\"blank\"}},{\"type\":\"button_item\",\"props\":{\"button_style\":\"primary\",\"content\":\"Water\",\"icon_align\":\"left\",\"link\":\"wp-content\\\/uploads\\\/2024\\\/03\\\/Green-League_Water-Element.pdf\",\"link_target\":\"blank\"}}]}]}]},{\"type\":\"row\",\"props\":{\"row_gap\":\"large\"},\"children\":[{\"type\":\"column\",\"props\":{\"image_position\":\"center-center\",\"position_sticky_breakpoint\":\"m\"},\"children\":[{\"type\":\"headline\",\"props\":{\"content\":\"<span data-bind=\\\"marked: {value: item.body, useMarkdown: item.contentType() == 'TEXT', collapseQuotes: true, openExternalLinksInNewTab: true}\\\">Green Champions- Sport events in nature<\\\/span>\",\"margin\":\"small\",\"margin_remove_top\":true,\"title_element\":\"h4\"}},{\"type\":\"text\",\"props\":{\"column_breakpoint\":\"m\",\"content\":\"\n\n<p>Haldnir voru 8 \\u00ed\\u00fer\\u00f3ttavi\\u00f0bur\\u00f0ir tengdir 4 frumefnum n\\u00e1tt\\u00farunnar (eldi, j\\u00f6r\\u00f0, vatni, lofti) \\u00ed \\u00f6llum samstarfsl\\u00f6ndum Green League. Vi\\u00f0bur\\u00f0irnir voru skipulag\\u00f0ir til a\\u00f0 stu\\u00f0la a\\u00f0 aukinni umhverfisvitund \\u00ed tengslum vi\\u00f0 \\u00ed\\u00fer\\u00f3ttai\\u00f0kun. Eftirfarandi eru fr\\u00e1sagnir \\u00fe\\u00e1tttakenda.<\\\/p>\",\"margin\":\"default\"}}]}]},{\"type\":\"row\",\"children\":[{\"type\":\"column\",\"props\":{\"image_position\":\"center-center\",\"position_sticky_breakpoint\":\"m\"},\"children\":[{\"type\":\"headline\",\"props\":{\"content\":\"Slovenia\",\"title_element\":\"h5\"}}]}]},{\"type\":\"row\",\"props\":{\"layout\":\"1-2,1-2\"},\"children\":[{\"type\":\"column\",\"props\":{\"image_position\":\"center-center\",\"position_sticky_breakpoint\":\"m\",\"width_medium\":\"1-2\"},\"children\":[{\"type\":\"video\",\"props\":{\"margin\":\"default\",\"video\":\"https:\\\/\\\/www.youtube.com\\\/watch?v=DcujZ_Usahc\",\"video_controls\":true,\"video_height\":\"300\"}}]},{\"type\":\"column\",\"props\":{\"image_position\":\"center-center\",\"position_sticky_breakpoint\":\"m\",\"width_medium\":\"1-2\"},\"children\":[{\"type\":\"video\",\"props\":{\"margin\":\"default\",\"video\":\"https:\\\/\\\/www.youtube.com\\\/watch?v=ja4425EezgQ\",\"video_controls\":true,\"video_height\":\"300\"}}]}]},{\"type\":\"row\",\"children\":[{\"type\":\"column\",\"props\":{\"image_position\":\"center-center\",\"position_sticky_breakpoint\":\"m\"},\"children\":[{\"type\":\"divider\",\"props\":{\"divider_element\":\"hr\"}}]}]},{\"type\":\"row\",\"children\":[{\"type\":\"column\",\"props\":{\"image_position\":\"center-center\",\"position_sticky_breakpoint\":\"m\"},\"children\":[{\"type\":\"headline\",\"props\":{\"content\":\"Iceland\",\"title_element\":\"h5\"}}]}]},{\"type\":\"row\",\"props\":{\"layout\":\"1-2,1-2\"},\"children\":[{\"type\":\"column\",\"props\":{\"image_position\":\"center-center\",\"position_sticky_breakpoint\":\"m\",\"width_medium\":\"1-2\"},\"children\":[{\"type\":\"video\",\"props\":{\"margin\":\"default\",\"video\":\"https:\\\/\\\/www.youtube.com\\\/watch?v=Q7S9881q_UM\",\"video_controls\":true,\"video_height\":\"300\"}}]},{\"type\":\"column\",\"props\":{\"image_position\":\"center-center\",\"position_sticky_breakpoint\":\"m\",\"width_medium\":\"1-2\"},\"children\":[{\"type\":\"video\",\"props\":{\"margin\":\"default\",\"video\":\"https:\\\/\\\/www.youtube.com\\\/watch?v=mDjsOPX-GMw\",\"video_controls\":true,\"video_height\":\"300\"}}]}]},{\"type\":\"row\",\"children\":[{\"type\":\"column\",\"props\":{\"image_position\":\"center-center\",\"position_sticky_breakpoint\":\"m\"},\"children\":[{\"type\":\"divider\",\"props\":{\"divider_element\":\"hr\"}}]}]},{\"type\":\"row\",\"children\":[{\"type\":\"column\",\"props\":{\"image_position\":\"center-center\",\"position_sticky_breakpoint\":\"m\"},\"children\":[{\"type\":\"headline\",\"props\":{\"content\":\"Cyprus\",\"title_element\":\"h5\"}}]}]},{\"type\":\"row\",\"props\":{\"layout\":\"1-2,1-2\"},\"children\":[{\"type\":\"column\",\"props\":{\"image_position\":\"center-center\",\"position_sticky_breakpoint\":\"m\",\"width_medium\":\"1-2\"},\"children\":[{\"type\":\"video\",\"props\":{\"margin\":\"default\",\"video\":\"https:\\\/\\\/www.youtube.com\\\/watch?v=cMmUcAFQC_E\",\"video_controls\":true,\"video_height\":\"300\"}}]},{\"type\":\"column\",\"props\":{\"image_position\":\"center-center\",\"position_sticky_breakpoint\":\"m\",\"width_medium\":\"1-2\"},\"children\":[{\"type\":\"video\",\"props\":{\"margin\":\"default\",\"video\":\"https:\\\/\\\/www.youtube.com\\\/watch?v=dFFGN5tUYhQ\",\"video_controls\":true,\"video_height\":\"300\"}}]}]},{\"type\":\"row\",\"children\":[{\"type\":\"column\",\"props\":{\"image_position\":\"center-center\",\"position_sticky_breakpoint\":\"m\"},\"children\":[{\"type\":\"divider\",\"props\":{\"divider_element\":\"hr\"}}]}]},{\"type\":\"row\",\"children\":[{\"type\":\"column\",\"props\":{\"image_position\":\"center-center\",\"position_sticky_breakpoint\":\"m\"},\"children\":[{\"type\":\"headline\",\"props\":{\"content\":\"Greece\",\"title_element\":\"h5\"}}]}]},{\"type\":\"row\",\"props\":{\"layout\":\"1-2,1-2\"},\"children\":[{\"type\":\"column\",\"props\":{\"image_position\":\"center-center\",\"position_sticky_breakpoint\":\"m\",\"width_medium\":\"1-2\"},\"children\":[{\"type\":\"video\",\"props\":{\"margin\":\"default\",\"video\":\"https:\\\/\\\/www.youtube.com\\\/watch?v=JJB7qhaUMiM\",\"video_controls\":true,\"video_height\":\"300\"}}]},{\"type\":\"column\",\"props\":{\"image_position\":\"center-center\",\"position_sticky_breakpoint\":\"m\",\"width_medium\":\"1-2\"},\"children\":[{\"type\":\"video\",\"props\":{\"margin\":\"default\",\"video\":\"https:\\\/\\\/www.youtube.com\\\/watch?v=oZHJm4yzfLA\",\"video_controls\":true,\"video_height\":\"300\"}}]}]},{\"type\":\"row\",\"children\":[{\"type\":\"column\",\"props\":{\"image_position\":\"center-center\",\"position_sticky_breakpoint\":\"m\"},\"children\":[{\"type\":\"divider\",\"props\":{\"divider_element\":\"hr\"}}]}]},{\"type\":\"row\",\"children\":[{\"type\":\"column\",\"props\":{\"image_position\":\"center-center\",\"position_sticky_breakpoint\":\"m\"},\"children\":[{\"type\":\"headline\",\"props\":{\"content\":\"Italy\",\"title_element\":\"h5\"}}]}]},{\"type\":\"row\",\"props\":{\"layout\":\"1-3,1-3,1-3\"},\"children\":[{\"type\":\"column\",\"props\":{\"image_position\":\"center-center\",\"position_sticky_breakpoint\":\"m\",\"width_medium\":\"1-3\"},\"children\":[{\"type\":\"video\",\"props\":{\"margin\":\"default\",\"video\":\"https:\\\/\\\/www.youtube.com\\\/watch?v=L2pVqKP3XFQ\",\"video_controls\":true,\"video_height\":\"300\"}}]},{\"type\":\"column\",\"props\":{\"image_position\":\"center-center\",\"position_sticky_breakpoint\":\"m\",\"width_medium\":\"1-3\"},\"children\":[{\"type\":\"video\",\"props\":{\"margin\":\"default\",\"video\":\"https:\\\/\\\/www.youtube.com\\\/watch?v=jR9O7Mcs6dY\",\"video_controls\":true,\"video_height\":\"300\"}}]},{\"type\":\"column\",\"props\":{\"image_position\":\"center-center\",\"position_sticky_breakpoint\":\"m\",\"width_medium\":\"1-3\"},\"children\":[{\"type\":\"video\",\"props\":{\"margin\":\"default\",\"video\":\"https:\\\/\\\/www.youtube.com\\\/watch?v=GoYKIpI4gO8\",\"video_controls\":true,\"video_height\":\"300\"}}]}]},{\"type\":\"row\",\"children\":[{\"type\":\"column\",\"props\":{\"image_position\":\"center-center\",\"position_sticky_breakpoint\":\"m\"},\"children\":[{\"type\":\"divider\",\"props\":{\"divider_element\":\"hr\"}}]}]},{\"type\":\"row\",\"children\":[{\"type\":\"column\",\"props\":{\"image_position\":\"center-center\",\"position_sticky_breakpoint\":\"m\"},\"children\":[{\"type\":\"headline\",\"props\":{\"content\":\"Gr\\u00e6nir Meistarar - M\\u00f3tar\\u00f6\\u00f0 Green League\",\"margin\":\"small\",\"margin_remove_top\":true,\"title_element\":\"h4\"}},{\"type\":\"text\",\"props\":{\"column_breakpoint\":\"m\",\"content\":\"\n\n<p>Samstarfsa\\u00f0ilar skipul\\u00f6g\\u00f0u m\\u00f3tar\\u00f6\\u00f0 \\u00ed s\\u00ednu heimalandi sem hluti af Green League verkefninu. \\u00c1hersla var l\\u00f6g\\u00f0 \\u00e1 keppni \\u00ed h\\u00f3p\\u00ed\\u00fer\\u00f3ttum, bo\\u00f0hlaupum og umhverfisvernd, sem s\\u00f3tti innbl\\u00e1stur fr\\u00e1 \\u201ePlokki\\u201c, \\u00fear sem rusl er safna\\u00f0 samhli\\u00f0a e\\u00f0a \\u00ed kringum \\u00ed\\u00fer\\u00f3ttakeppnir. \\u00de\\u00e1tttakendur fengu stig b\\u00e6\\u00f0i fyrir \\u00e1rangur \\u00ed plokki og keppni. Ruslapoki var nota\\u00f0ur \\u00ed sta\\u00f0 keflis \\u00ed bo\\u00f0hlaupum. Eftirfarandi eru vitnisbur\\u00f0ir \\u00fe\\u00e1tttakenda og gesta.<\\\/p>\",\"margin\":\"default\"}},{\"type\":\"button\",\"props\":{\"grid_column_gap\":\"small\",\"grid_row_gap\":\"small\",\"margin\":\"default\"},\"children\":[{\"type\":\"button_item\",\"props\":{\"button_style\":\"primary\",\"content\":\"Sko\\u00f0a myndb\\u00f6nd\",\"icon_align\":\"left\",\"link\":\"https:\\\/\\\/www.youtube.com\\\/playlist?list=PLsfR2a1B61tHdNmaYsPkok_SGnGqAKkd6\",\"link_target\":\"blank\"}}]}]}]},{\"type\":\"row\",\"children\":[{\"type\":\"column\",\"props\":{\"image_position\":\"center-center\",\"position_sticky_breakpoint\":\"m\"},\"children\":[{\"type\":\"headline\",\"props\":{\"content\":\"Vins\\u00e6lir \\u00ed\\u00fer\\u00f3ttamenn\",\"margin\":\"small\",\"margin_remove_top\":true,\"title_element\":\"h4\"}},{\"type\":\"text\",\"props\":{\"column_breakpoint\":\"m\",\"content\":\"\n\n<p>\\u00cd hverju landi r\\u00e6ddu vins\\u00e6lir \\u00ed\\u00fer\\u00f3ttamenn s\\u00edn eigin gildi og markmi\\u00f0 tengd \\u00ed\\u00fer\\u00f3ttai\\u00f0kun og hvernig \\u00feau tengjast gildum og markmi\\u00f0um verkefnisins, sem fyrirmyndir fyrir unga \\u00ed\\u00fer\\u00f3ttamenn og \\u00ed\\u00fer\\u00f3ttahreyfinuna.<\\\/p>\",\"margin\":\"default\"}},{\"type\":\"button\",\"props\":{\"grid_column_gap\":\"small\",\"grid_row_gap\":\"small\",\"margin\":\"default\"},\"children\":[{\"type\":\"button_item\",\"props\":{\"button_style\":\"primary\",\"content\":\"Sko\\u00f0a myndb\\u00f6nd\",\"icon_align\":\"left\",\"link\":\"https:\\\/\\\/www.youtube.com\\\/playlist?list=PLsfR2a1B61tGy_gIiyeKfAkHMfTfXnRD5\",\"link_target\":\"blank\"}}]}]}]},{\"type\":\"row\",\"children\":[{\"type\":\"column\",\"props\":{\"image_position\":\"center-center\",\"position_sticky_breakpoint\":\"m\"},\"children\":[{\"type\":\"headline\",\"props\":{\"content\":\"Documentar\",\"margin\":\"small\",\"margin_remove_top\":true,\"title_element\":\"h4\"}},{\"type\":\"text\",\"props\":{\"column_breakpoint\":\"m\",\"content\":\"\n\n<p>Green League heimildarmyndin fer yfir \\u00fer\\u00f3un verkefnisins \\u00ed \\u00f6llum \\u00fe\\u00e1ttt\\u00f6kul\\u00f6ndunum.<\\\/p>\",\"margin\":\"default\"}},{\"type\":\"video\",\"props\":{\"margin\":\"default\",\"video\":\"https:\\\/\\\/www.youtube.com\\\/watch?v=hWmgBsV1GL4&t=31s\",\"video_controls\":true,\"video_height\":\"400\",\"video_width\":\"700\"}}]}]}]}],\"version\":\"4.4.12\"} --><\/p>\n","protected":false},"excerpt":{"rendered":"<p>Al\u00fej\u00f3\u00f0legar samstarfs n\u00e1mskei\u00f0 \u2013 Slovenj Gradec, Slovenia Sex atvinnu \u00ed\u00fer\u00f3ttamenn fr\u00e1 mismunandi l\u00f6ndum innan Evr\u00f3pu komu saman \u00ed Sl\u00f3ven\u00edu \u00ed 4 daga n\u00e1mskei\u00f0 til a\u00f0..<\/p>\n","protected":false},"author":1,"featured_media":0,"parent":0,"menu_order":0,"comment_status":"closed","ping_status":"closed","template":"","meta":{"_acf_changed":false,"inline_featured_image":false,"footnotes":""},"class_list":["post-960","page","type-page","status-publish","hentry"],"acf":[],"_links":{"self":[{"href":"https:\/\/green-league.eu\/is\/wp-json\/wp\/v2\/pages\/960","targetHints":{"allow":["GET"]}}],"collection":[{"href":"https:\/\/green-league.eu\/is\/wp-json\/wp\/v2\/pages"}],"about":[{"href":"https:\/\/green-league.eu\/is\/wp-json\/wp\/v2\/types\/page"}],"author":[{"embeddable":true,"href":"https:\/\/green-league.eu\/is\/wp-json\/wp\/v2\/users\/1"}],"replies":[{"embeddable":true,"href":"https:\/\/green-league.eu\/is\/wp-json\/wp\/v2\/comments?post=960"}],"version-history":[{"count":7,"href":"https:\/\/green-league.eu\/is\/wp-json\/wp\/v2\/pages\/960\/revisions"}],"predecessor-version":[{"id":2122,"href":"https:\/\/green-league.eu\/is\/wp-json\/wp\/v2\/pages\/960\/revisions\/2122"}],"wp:attachment":[{"href":"https:\/\/green-league.eu\/is\/wp-json\/wp\/v2\/media?parent=960"}],"curies":[{"name":"wp","href":"https:\/\/api.w.org\/{rel}","templated":true}]}}