{"id":1220,"date":"2022-12-18T10:25:01","date_gmt":"2022-12-18T10:25:01","guid":{"rendered":"https:\/\/green-league.eu\/results\/"},"modified":"2024-12-23T11:05:46","modified_gmt":"2024-12-23T11:05:46","slug":"results","status":"publish","type":"page","link":"https:\/\/green-league.eu\/sl\/results\/","title":{"rendered":"Rezultati"},"content":{"rendered":"<h1>Rezultati<\/h1>\n<p><img decoding=\"async\" src=\"\/wp-content\/uploads\/2023\/10\/aboutTheModel.png\" alt=\"\"><\/p>\n<h3>Green League Model<\/h3>\n<div>\n<p>Model Zelena liga nudi okvire, ki jih lahko \u0161portne organizacije uporabijo za spodbujanje trajnostnih in okolju prijaznih praks. Temelji na treh glavnih vidikih: organizaciji, izvedbi in promociji.<\/p>\n<\/div>\n<p>\n    <a href=\"\/wp-content\/uploads\/2023\/11\/Green-League_Model_Final-Version_SL.pdf\">Prenesi Green League Model<\/a>\n<\/p>\n<p><img decoding=\"async\" src=\"\/wp-content\/uploads\/2023\/07\/caseStudies.png\" alt=\"\"><\/p>\n<h3>\u0160tudije primerov<\/h3>\n<div>\n<p>Zbirka primerov \u0161tudij je niz okolju prijaznih uspe\u0161nih praks in pobud na podro\u010dju \u0161porta na ravni EU. Namenjena je spodbujanju dele\u017enikov v \u0161portu, da se zgledujejo po najuspe\u0161nej\u0161ih \u0161portnih praksah, ki prispevajo k spodbujanju okoljske in podnebne vzgoje.<\/p>\n<\/div>\n<ul>\n<li>\n        <a href=\"\/wp-content\/uploads\/2023\/09\/Green-League_Case-Studies_EU_SLO.pdf\">EU<\/a>\n    <\/li>\n<li>\n        <a href=\"\/wp-content\/uploads\/2023\/09\/Green-League_Case-Studies_Cyprus_SLO.pdf\">Ciper<\/a>\n    <\/li>\n<li>\n        <a href=\"\/wp-content\/uploads\/2023\/09\/Green-League_Case-Studies_Greece_SLO.pdf\">Gr\u010dija<\/a>\n    <\/li>\n<li>\n        <a href=\"\/wp-content\/uploads\/2023\/09\/Green-League_Case-Studies_Iceland_SLO.pdf\">Islandija<\/a>\n    <\/li>\n<li>\n        <a href=\"\/wp-content\/uploads\/2023\/09\/Green-League_Case-Studies_Italy_SLO.pdf\">Italija<\/a>\n    <\/li>\n<li>\n        <a href=\"\/wp-content\/uploads\/2023\/09\/Green-League_Case-Studies_Slovenia_SLO.pdf\">Slovenija<\/a>\n    <\/li>\n<li>\n        <a href=\"\/wp-content\/uploads\/2023\/09\/Green-League_Case-Studies_Final-ALL_SLO.pdf\">Vse \u0161tudije primerov<\/a>\n    <\/li>\n<\/ul>\n<p><img decoding=\"async\" src=\"\/wp-content\/uploads\/2023\/07\/trainingPack.png\" alt=\"\"><\/p>\n<h3>Vadbeni priro\u010dnik<\/h3>\n<div>\n<p>Vadbeni priro\u010dnik o \u0161portu in okolju je namenjen razvijanju sposobnosti strokovnjakov v \u0161portu s spodbujanjem fizi\u010dne aktivnosti na prostem kot orodjem za izobra\u017eevanje ljudi o okoljskih vpra\u0161anjih. Ta priro\u010dnik prispeva k razumevanju vpliva \u0161portov na okolje ter na\u010drtovanju in izvajanju \u0161portnih aktivnosti v harmoniji z naravo ter za\u0161\u010diti in ohranitvi okolja.<\/p>\n<\/div>\n<p>\n    <a href=\"\/wp-content\/uploads\/2023\/07\/GreenLeague_TrainingPackage.pdf\">Vadbeni priro\u010dnik o \u0161portu in okolju<\/a>\n<\/p>\n<h4>Dodatni izobra\u017eevalni materiali<\/h4>\n<div>\n<div>Tukaj so na voljo dodatni zgledi, ki jih lahko uporabite skupaj z vadbenim priro\u010dnikom za izvajanje usposabljanja na podro\u010dju \u0161porta in okolja.<\/div>\n<\/div>\n<ul>\n<li>\n        <a href=\"\/wp-content\/uploads\/2023\/07\/GreenLeague_Characteristics-of-Ecosystems_CESIE.pdf\"> Priloga I- Zna\u010dilnosti ekosistema <\/a>\n    <\/li>\n<li>\n        <a href=\"\/wp-content\/uploads\/2023\/07\/GreenLeague_Potential-Threats-to-the-Ecosystem_CARDET-.pdf\"> Priloga II- Potencialne gro\u017enje ekosistemom pri izvajanju \u0161portnih aktivnosti <\/a>\n    <\/li>\n<li>\n        <a href=\"\/wp-content\/uploads\/2023\/07\/Legistaliton.pdf\"> Priloga III- Predpisi in smernice na evropski ravni <\/a>\n    <\/li>\n<li>\n        <a href=\"\/wp-content\/uploads\/2023\/07\/How-Sports-impact-the-environment_EINURD.pdf\"> Priloga IV- Pozitivni in negativni vplivi \u0161porta na okolje <\/a>\n    <\/li>\n<li>\n        <a href=\"\/wp-content\/uploads\/2023\/07\/Presentation_How-to-plan-_-deliver-sport-activities_KMOP_vf.pdf\"> Priloga V- Kako na\u010drtovati in izvajati \u0161portne aktivnosti in dogodke v harmoniji z okoljem <\/a>\n    <\/li>\n<li>\n        <a href=\"\/wp-content\/uploads\/2023\/07\/GreenLeague-Workshop-presentation-APGA-Potencial-of-sport.pdf\"> Priloga VI- Ozave\u0161\u010danje o pomenu okolju prijaznih \u0161portnih praks<\/a>\n    <\/li>\n<\/ul>\n<p><img decoding=\"async\" src=\"\/wp-content\/uploads\/2024\/02\/4ICONS_WEBSITE_GREENLEAGUE_020623_mk-02.png\" alt=\"\"><\/p>\n<h3>\u0160portni dogodki na temo &#8220;\u0160tirje elementi narave&#8221; &#8211; smernice<\/h3>\n<div>\n<p>Smernice \u0161portnih dogodkov na temo \u0160tirih elementov narave so zasnovane tako, da usmerjajo in nudijo podporo \u0161portnim strokovnjakom, \u0161portnim klubom in zainteresiranim dele\u017enikom pri vodenju in izvedbi \u0161portnih dogodkov, ki zdru\u017eujejo odnos do okolja skozi izkustveno u\u010denje, s ciljem osve\u0161\u010danja o povezavi med \u0161portom in okoljem ter okolju prijaznih praksah na splo\u0161no.<\/p>\n<\/div>\n<p>\n    <a href=\"\/wp-content\/uploads\/2024\/03\/GreenLeague_Outlines_Final_SL.pdf\">Prenesi smernice<\/a>\n<\/p>\n<p><img decoding=\"async\" src=\"\/wp-content\/uploads\/2024\/12\/sport_environmental-02.png\" alt=\"\"><\/p>\n<h3>\u0160port in varovanje okolja &#8211; vodnik za organizacijo in izvedbo lokalnih tekmovanj &#8211; povezovanje \u0161portnih aktivnosti in aktivnosti varovanja okolja<\/h3>\n<div>\n<p>Smernice za izvedbo zagotavljajo navodila o tem, kako organizirati in izvajati \u0161portne aktivnosti skupaj z aktivnostmi varovanja okolja, v obliki lokalnih lokalnih tekmovanj ekipnih \u0161portov, turnirjev in \u0161tafet, s kombiniranim sistemom to\u010dkovanja, ki temelji na rezultatih dose\u017eenih v \u0161portnih tekmovanjih in to\u010dkah, ki jih ekipe dose\u017eejo z aktivnostmi varovanja okolja.<\/p>\n<\/div>\n<p>\n    <a href=\"\/wp-content\/uploads\/2024\/12\/GreenLeague_WP4_Guidelines_SLO.pdf\">Prenesi smernice<\/a>\n<\/p>\n<p><!--more--><br \/>\n<!-- {\"type\":\"layout\",\"children\":[{\"type\":\"section\",\"props\":{\"height\":\"page\",\"image_position\":\"center-center\",\"padding_remove_top\":true,\"style\":\"default\",\"title_breakpoint\":\"xl\",\"title_position\":\"top-left\",\"title_rotation\":\"left\",\"vertical_align\":\"\",\"width\":\"default\"},\"children\":[{\"type\":\"row\",\"children\":[{\"type\":\"column\",\"props\":{\"image_position\":\"center-center\",\"position_sticky_breakpoint\":\"m\"},\"children\":[{\"type\":\"headline\",\"props\":{\"content\":\"Rezultati\",\"margin_remove_top\":true,\"title_color\":\"success\",\"title_element\":\"h1\",\"title_style\":\"h1\"}}]}]},{\"type\":\"row\",\"props\":{\"layout\":\"1-3,2-3\"},\"children\":[{\"type\":\"column\",\"props\":{\"image_position\":\"center-center\",\"position_sticky_breakpoint\":\"m\",\"width_medium\":\"1-3\"},\"children\":[{\"type\":\"image\",\"props\":{\"image\":\"wp-content\\\/uploads\\\/2023\\\/10\\\/aboutTheModel.png\",\"image_svg_color\":\"emphasis\",\"margin\":\"default\"}}]},{\"type\":\"column\",\"props\":{\"image_position\":\"center-center\",\"position_sticky_breakpoint\":\"m\",\"vertical_align\":\"middle\",\"width_medium\":\"2-3\"},\"children\":[{\"type\":\"headline\",\"props\":{\"content\":\"Green League Model\",\"title_element\":\"h3\",\"title_style\":\"h3\"}},{\"type\":\"text\",\"props\":{\"column_breakpoint\":\"m\",\"content\":\"\n\n<p>Model Zelena liga nudi okvire, ki jih lahko \\u0161portne organizacije uporabijo za spodbujanje trajnostnih in okolju prijaznih praks. Temelji na treh glavnih vidikih: organizaciji, izvedbi in promociji.<\\\/p>\",\"margin\":\"default\"}},{\"type\":\"button\",\"props\":{\"grid_column_gap\":\"small\",\"grid_row_gap\":\"small\",\"margin\":\"default\"},\"children\":[{\"type\":\"button_item\",\"props\":{\"button_style\":\"primary\",\"content\":\"Prenesi Green League Model\",\"icon_align\":\"left\",\"link\":\"wp-content\\\/uploads\\\/2023\\\/11\\\/Green-League_Model_Final-Version_SL.pdf\",\"link_target\":\"blank\"}}]}]}]},{\"type\":\"row\",\"props\":{\"layout\":\"1-3,2-3\"},\"children\":[{\"type\":\"column\",\"props\":{\"image_position\":\"center-center\",\"position_sticky_breakpoint\":\"m\",\"width_medium\":\"1-3\"},\"children\":[{\"type\":\"image\",\"props\":{\"image\":\"wp-content\\\/uploads\\\/2023\\\/07\\\/caseStudies.png\",\"image_svg_color\":\"emphasis\",\"margin\":\"default\"}}]},{\"type\":\"column\",\"props\":{\"image_position\":\"center-center\",\"position_sticky_breakpoint\":\"m\",\"vertical_align\":\"middle\",\"width_medium\":\"2-3\"},\"children\":[{\"type\":\"headline\",\"props\":{\"content\":\"\\u0160tudije primerov\",\"title_element\":\"h3\",\"title_style\":\"h3\"}},{\"type\":\"text\",\"props\":{\"column_breakpoint\":\"m\",\"content\":\"\n\n<p>Zbirka primerov \\u0161tudij je niz okolju prijaznih uspe\\u0161nih praks in pobud na podro\\u010dju \\u0161porta na ravni EU. Namenjena je spodbujanju dele\\u017enikov v \\u0161portu, da se zgledujejo po najuspe\\u0161nej\\u0161ih \\u0161portnih praksah, ki prispevajo k spodbujanju okoljske in podnebne vzgoje.<\\\/p>\",\"margin\":\"default\"}},{\"type\":\"button\",\"props\":{\"grid_column_gap\":\"small\",\"grid_row_gap\":\"small\",\"margin\":\"default\"},\"children\":[{\"type\":\"button_item\",\"props\":{\"button_style\":\"primary\",\"content\":\"EU\",\"icon_align\":\"left\",\"link\":\"wp-content\\\/uploads\\\/2023\\\/09\\\/Green-League_Case-Studies_EU_SLO.pdf\",\"link_target\":\"blank\"}},{\"type\":\"button_item\",\"props\":{\"button_style\":\"primary\",\"content\":\"Ciper\",\"icon_align\":\"left\",\"link\":\"wp-content\\\/uploads\\\/2023\\\/09\\\/Green-League_Case-Studies_Cyprus_SLO.pdf\",\"link_target\":\"blank\"}},{\"type\":\"button_item\",\"props\":{\"button_style\":\"primary\",\"content\":\"Gr\\u010dija\",\"icon_align\":\"left\",\"link\":\"wp-content\\\/uploads\\\/2023\\\/09\\\/Green-League_Case-Studies_Greece_SLO.pdf\",\"link_target\":\"blank\"}},{\"type\":\"button_item\",\"props\":{\"button_style\":\"primary\",\"content\":\"Islandija\",\"icon_align\":\"left\",\"link\":\"wp-content\\\/uploads\\\/2023\\\/09\\\/Green-League_Case-Studies_Iceland_SLO.pdf\",\"link_target\":\"blank\"}},{\"type\":\"button_item\",\"props\":{\"button_style\":\"primary\",\"content\":\"Italija\",\"icon_align\":\"left\",\"link\":\"wp-content\\\/uploads\\\/2023\\\/09\\\/Green-League_Case-Studies_Italy_SLO.pdf\",\"link_target\":\"blank\"}},{\"type\":\"button_item\",\"props\":{\"button_style\":\"primary\",\"content\":\"Slovenija\",\"icon_align\":\"left\",\"link\":\"wp-content\\\/uploads\\\/2023\\\/09\\\/Green-League_Case-Studies_Slovenia_SLO.pdf\",\"link_target\":\"blank\"}},{\"type\":\"button_item\",\"props\":{\"button_style\":\"primary\",\"content\":\"Vse \\u0161tudije primerov\",\"icon_align\":\"left\",\"link\":\"wp-content\\\/uploads\\\/2023\\\/09\\\/Green-League_Case-Studies_Final-ALL_SLO.pdf\",\"link_target\":\"blank\"}}]}]}]},{\"type\":\"row\",\"props\":{\"layout\":\"1-3,2-3\"},\"children\":[{\"type\":\"column\",\"props\":{\"image_position\":\"center-center\",\"position_sticky_breakpoint\":\"m\",\"vertical_align\":\"middle\",\"width_medium\":\"1-3\"},\"children\":[{\"type\":\"image\",\"props\":{\"image\":\"wp-content\\\/uploads\\\/2023\\\/07\\\/trainingPack.png\",\"image_svg_color\":\"emphasis\",\"margin\":\"default\"}}]},{\"type\":\"column\",\"props\":{\"image_position\":\"center-center\",\"position_sticky_breakpoint\":\"m\",\"vertical_align\":\"middle\",\"width_medium\":\"2-3\"},\"children\":[{\"type\":\"headline\",\"props\":{\"content\":\"Vadbeni priro\\u010dnik\",\"title_element\":\"h3\",\"title_style\":\"h3\"}},{\"type\":\"text\",\"props\":{\"column_breakpoint\":\"m\",\"content\":\"\n\n<p>Vadbeni priro\\u010dnik o \\u0161portu in okolju je namenjen razvijanju sposobnosti strokovnjakov v \\u0161portu s spodbujanjem fizi\\u010dne aktivnosti na prostem kot orodjem za izobra\\u017eevanje ljudi o okoljskih vpra\\u0161anjih. Ta priro\\u010dnik prispeva k razumevanju vpliva \\u0161portov na okolje ter na\\u010drtovanju in izvajanju \\u0161portnih aktivnosti v harmoniji z naravo ter za\\u0161\\u010diti in ohranitvi okolja.<\\\/p>\",\"margin\":\"default\"}},{\"type\":\"button\",\"props\":{\"grid_column_gap\":\"small\",\"grid_row_gap\":\"small\",\"margin\":\"default\"},\"children\":[{\"type\":\"button_item\",\"props\":{\"button_style\":\"primary\",\"content\":\"Vadbeni priro\\u010dnik o \\u0161portu in okolju\",\"icon_align\":\"left\",\"link\":\"wp-content\\\/uploads\\\/2023\\\/07\\\/GreenLeague_TrainingPackage.pdf\",\"link_target\":\"blank\"}}]},{\"type\":\"headline\",\"props\":{\"content\":\"Dodatni izobra\\u017eevalni materiali\",\"css\":\".el-element{\\n\\tletter-spacing: 0;\\n    text-transform: none;\\n}\",\"title_element\":\"h4\",\"title_style\":\"h4\"}},{\"type\":\"text\",\"props\":{\"column_breakpoint\":\"m\",\"content\":\"\n\n<div>Tukaj so na voljo dodatni zgledi, ki jih lahko uporabite skupaj z vadbenim priro\\u010dnikom za izvajanje usposabljanja na podro\\u010dju \\u0161porta in okolja.<\\\/div>\",\"margin\":\"default\"}},{\"type\":\"button\",\"props\":{\"grid_column_gap\":\"small\",\"grid_row_gap\":\"small\",\"margin\":\"default\"},\"children\":[{\"type\":\"button_item\",\"props\":{\"button_style\":\"primary\",\"content\":\" Priloga I- Zna\\u010dilnosti ekosistema \",\"icon_align\":\"left\",\"link\":\"wp-content\\\/uploads\\\/2023\\\/07\\\/GreenLeague_Characteristics-of-Ecosystems_CESIE.pdf\",\"link_target\":\"blank\"}},{\"type\":\"button_item\",\"props\":{\"button_style\":\"primary\",\"content\":\" Priloga II- Potencialne gro\\u017enje ekosistemom pri izvajanju \\u0161portnih aktivnosti \",\"icon_align\":\"left\",\"link\":\"wp-content\\\/uploads\\\/2023\\\/07\\\/GreenLeague_Potential-Threats-to-the-Ecosystem_CARDET-.pdf\",\"link_target\":\"blank\"}},{\"type\":\"button_item\",\"props\":{\"button_style\":\"primary\",\"content\":\" Priloga III- Predpisi in smernice na evropski ravni \",\"icon_align\":\"left\",\"link\":\"wp-content\\\/uploads\\\/2023\\\/07\\\/Legistaliton.pdf\",\"link_target\":\"blank\"}},{\"type\":\"button_item\",\"props\":{\"button_style\":\"primary\",\"content\":\" Priloga IV- Pozitivni in negativni vplivi \\u0161porta na okolje \",\"icon_align\":\"left\",\"link\":\"wp-content\\\/uploads\\\/2023\\\/07\\\/How-Sports-impact-the-environment_EINURD.pdf\",\"link_target\":\"blank\"}},{\"type\":\"button_item\",\"props\":{\"button_style\":\"primary\",\"content\":\" Priloga V- Kako na\\u010drtovati in izvajati \\u0161portne aktivnosti in dogodke v harmoniji z okoljem \",\"icon_align\":\"left\",\"link\":\"wp-content\\\/uploads\\\/2023\\\/07\\\/Presentation_How-to-plan-_-deliver-sport-activities_KMOP_vf.pdf\",\"link_target\":\"blank\"}},{\"type\":\"button_item\",\"props\":{\"button_style\":\"primary\",\"content\":\" Priloga VI- Ozave\\u0161\\u010danje o pomenu okolju prijaznih \\u0161portnih praks\",\"icon_align\":\"left\",\"link\":\"wp-content\\\/uploads\\\/2023\\\/07\\\/GreenLeague-Workshop-presentation-APGA-Potencial-of-sport.pdf\",\"link_target\":\"blank\"}}]}]}]},{\"type\":\"row\",\"props\":{\"layout\":\"1-3,2-3\"},\"children\":[{\"type\":\"column\",\"props\":{\"image_position\":\"center-center\",\"position_sticky_breakpoint\":\"m\",\"width_medium\":\"1-3\"},\"children\":[{\"type\":\"image\",\"props\":{\"image\":\"wp-content\\\/uploads\\\/2024\\\/02\\\/4ICONS_WEBSITE_GREENLEAGUE_020623_mk-02.png\",\"image_svg_color\":\"emphasis\",\"margin\":\"default\"}}]},{\"type\":\"column\",\"props\":{\"image_position\":\"center-center\",\"position_sticky_breakpoint\":\"m\",\"vertical_align\":\"middle\",\"width_medium\":\"2-3\"},\"children\":[{\"type\":\"headline\",\"props\":{\"content\":\"\\u0160portni dogodki na temo \\\"\\u0160tirje elementi narave\\\" - smernice\",\"title_element\":\"h3\",\"title_style\":\"h3\"}},{\"type\":\"text\",\"props\":{\"column_breakpoint\":\"m\",\"content\":\"\n\n<p>Smernice \\u0161portnih dogodkov na temo \\u0160tirih elementov narave so zasnovane tako, da usmerjajo in nudijo podporo \\u0161portnim strokovnjakom, \\u0161portnim klubom in zainteresiranim dele\\u017enikom pri vodenju in izvedbi \\u0161portnih dogodkov, ki zdru\\u017eujejo odnos do okolja skozi izkustveno u\\u010denje, s ciljem osve\\u0161\\u010danja o povezavi med \\u0161portom in okoljem ter okolju prijaznih praksah na splo\\u0161no.<\\\/p>\",\"margin\":\"default\"}},{\"type\":\"button\",\"props\":{\"grid_column_gap\":\"small\",\"grid_row_gap\":\"small\",\"margin\":\"default\"},\"children\":[{\"type\":\"button_item\",\"props\":{\"button_style\":\"primary\",\"content\":\"Prenesi smernice\",\"icon_align\":\"left\",\"link\":\"wp-content\\\/uploads\\\/2024\\\/03\\\/GreenLeague_Outlines_Final_SL.pdf\",\"link_target\":\"blank\"}}]}]}]},{\"type\":\"row\",\"props\":{\"layout\":\"1-3,2-3\"},\"children\":[{\"type\":\"column\",\"props\":{\"image_position\":\"center-center\",\"position_sticky_breakpoint\":\"m\",\"width_medium\":\"1-3\"},\"children\":[{\"type\":\"image\",\"props\":{\"image\":\"wp-content\\\/uploads\\\/2024\\\/12\\\/sport_environmental-02.png\",\"image_svg_color\":\"emphasis\",\"margin\":\"default\"}}]},{\"type\":\"column\",\"props\":{\"image_position\":\"center-center\",\"position_sticky_breakpoint\":\"m\",\"vertical_align\":\"middle\",\"width_medium\":\"2-3\"},\"children\":[{\"type\":\"headline\",\"props\":{\"content\":\"\\u0160port in varovanje okolja - vodnik za organizacijo in izvedbo lokalnih tekmovanj - povezovanje \\u0161portnih aktivnosti in aktivnosti varovanja okolja\",\"title_element\":\"h3\",\"title_style\":\"h3\"}},{\"type\":\"text\",\"props\":{\"column_breakpoint\":\"m\",\"content\":\"\n\n<p>Smernice za izvedbo zagotavljajo navodila o tem, kako organizirati in izvajati \\u0161portne aktivnosti skupaj z aktivnostmi varovanja okolja, v obliki lokalnih lokalnih tekmovanj ekipnih \\u0161portov, turnirjev in \\u0161tafet, s kombiniranim sistemom to\\u010dkovanja, ki temelji na rezultatih dose\\u017eenih v \\u0161portnih tekmovanjih in to\\u010dkah, ki jih ekipe dose\\u017eejo z aktivnostmi varovanja okolja.<\\\/p>\",\"margin\":\"default\"}},{\"type\":\"button\",\"props\":{\"grid_column_gap\":\"small\",\"grid_row_gap\":\"small\",\"margin\":\"default\"},\"children\":[{\"type\":\"button_item\",\"props\":{\"button_style\":\"primary\",\"content\":\"Prenesi smernice\",\"icon_align\":\"left\",\"link\":\"wp-content\\\/uploads\\\/2024\\\/12\\\/GreenLeague_WP4_Guidelines_SLO.pdf\",\"link_target\":\"blank\"}}]}]}]}]}],\"version\":\"4.4.12\"} --><\/p>\n","protected":false},"excerpt":{"rendered":"<p>Rezultati Green League Model Model Zelena liga nudi okvire, ki jih lahko \u0161portne organizacije uporabijo za spodbujanje trajnostnih in okolju prijaznih praks. Temelji na treh..<\/p>\n","protected":false},"author":1,"featured_media":0,"parent":0,"menu_order":0,"comment_status":"closed","ping_status":"closed","template":"","meta":{"_acf_changed":false,"inline_featured_image":false,"footnotes":""},"class_list":["post-1220","page","type-page","status-publish","hentry"],"acf":[],"_links":{"self":[{"href":"https:\/\/green-league.eu\/sl\/wp-json\/wp\/v2\/pages\/1220","targetHints":{"allow":["GET"]}}],"collection":[{"href":"https:\/\/green-league.eu\/sl\/wp-json\/wp\/v2\/pages"}],"about":[{"href":"https:\/\/green-league.eu\/sl\/wp-json\/wp\/v2\/types\/page"}],"author":[{"embeddable":true,"href":"https:\/\/green-league.eu\/sl\/wp-json\/wp\/v2\/users\/1"}],"replies":[{"embeddable":true,"href":"https:\/\/green-league.eu\/sl\/wp-json\/wp\/v2\/comments?post=1220"}],"version-history":[{"count":6,"href":"https:\/\/green-league.eu\/sl\/wp-json\/wp\/v2\/pages\/1220\/revisions"}],"predecessor-version":[{"id":2029,"href":"https:\/\/green-league.eu\/sl\/wp-json\/wp\/v2\/pages\/1220\/revisions\/2029"}],"wp:attachment":[{"href":"https:\/\/green-league.eu\/sl\/wp-json\/wp\/v2\/media?parent=1220"}],"curies":[{"name":"wp","href":"https:\/\/api.w.org\/{rel}","templated":true}]}}