{"id":962,"date":"2022-02-24T14:11:37","date_gmt":"2022-02-24T14:11:37","guid":{"rendered":"https:\/\/green-league.eu\/our-experience\/"},"modified":"2025-02-05T13:27:51","modified_gmt":"2025-02-05T13:27:51","slug":"our-experience","status":"publish","type":"page","link":"https:\/\/green-league.eu\/sl\/our-experience\/","title":{"rendered":"Na\u0161e izku\u0161nje"},"content":{"rendered":"<p><img decoding=\"async\" src=\"\/wp-content\/uploads\/2022\/12\/experience.png\" alt=\"\"><\/p>\n<h4>Mednarodna delavnica \u2013 Slovenj Gradec, Slovenija<\/h4>\n<div>\n<p>\u0160est \u0161portnih strokovnjakov iz razli\u010dnih dr\u017eav EU se je sre\u010dalo v Sloveniji na 4-dnevni delavnici o tem, kako okrepiti povezavo med \u0161portom in okoljem ter kako uporabiti \u0161port kot orodje za okoljsko ozave\u0161\u010denost.<\/p>\n<\/div>\n<p><iframe src=\"https:\/\/www.youtube.com\/watch?v=Tx1xdL-PyyY\"><\/iframe><\/p>\n<h4><span data-bind=\"marked: {value: item.body, useMarkdown: item.contentType() == 'TEXT', collapseQuotes: true, openExternalLinksInNewTab: true}\">Green Zines <\/span><\/h4>\n<div>\n<p><span style=\"font-size: 11pt; font-family: Arial,sans-serif; color: #000000; background-color: transparent; font-weight: 400; font-style: normal; font-variant: normal; text-decoration: none; vertical-align: baseline; white-space: pre-wrap;\" id=\"docs-internal-guid-47378f08-7fff-5e9d-69d8-a78c49c1d57f\">Zeleni zini predstavljajo na\u0161o izku\u0161njo skozi fotografije, citate in gradiva, ki so jih zbrali udele\u017eenci na osmih lokalnih dogodkih v vsaki partnerski dr\u017eavi. Vsak zine predstavlja drug element narave (zrak, ogenj, voda in zemlja) in je ro\u010dno izdelan.<\/span><\/p>\n<\/div>\n<ul>\n<li>\n        <a href=\"\/wp-content\/uploads\/2024\/03\/Green-League_Earth-Element.pdf\">Zemlja<\/a>\n    <\/li>\n<li>\n        <a href=\"\/wp-content\/uploads\/2024\/03\/Green-League_Air-Element.pdf\">Zrak<\/a>\n    <\/li>\n<li>\n        <a href=\"\/wp-content\/uploads\/2024\/03\/Green-League_Fire-Element.pdf\">Ogenj<\/a>\n    <\/li>\n<li>\n        <a href=\"\/wp-content\/uploads\/2024\/03\/Green-League_Water-Element.pdf\">Voda<\/a>\n    <\/li>\n<\/ul>\n<h4><span data-bind=\"marked: {value: item.body, useMarkdown: item.contentType() == 'TEXT', collapseQuotes: true, openExternalLinksInNewTab: true}\">Zeleni prvaki &#8211; \u0161portni dogodki v naravi<\/span><\/h4>\n<div>\n<p>Kot del projekta Zelena liga je bilo v vsaki dr\u017eavi organiziranih 8 \u0161portnih dogodkov, povezanih z enim od 4 naravnih elementov (ogenj, zemlja, voda, zrak). Dogodki so bili organizirani z namenom promocije okoljske ozave\u0161\u010denosti o medsebojnem vplivu \u0161porta in narave ter za pove\u010danje ozave\u0161\u010denosti o vplivu \u010dloveka na okolje. To so pri\u010devanja nekaterih udele\u017eencev, ki so se udele\u017eili dogodkov.<\/p>\n<\/div>\n<h5><span style=\"font-size: 11pt; font-family: Arial,sans-serif; color: #000000; background-color: transparent; font-weight: 400; font-style: normal; font-variant: normal; text-decoration: none; vertical-align: baseline; white-space: pre-wrap;\" id=\"docs-internal-guid-5e930eba-7fff-ed60-9343-18b897016de5\">Slovenija<\/span><\/h5>\n<p><iframe src=\"https:\/\/www.youtube.com\/watch?v=DcujZ_Usahc\"><\/iframe><br \/>\n<iframe src=\"https:\/\/www.youtube.com\/watch?v=ja4425EezgQ\"><\/iframe><\/p>\n<hr>\n<h5><span>Islandija<\/span><\/h5>\n<p><iframe src=\"https:\/\/www.youtube.com\/watch?v=Q7S9881q_UM\"><\/iframe><br \/>\n<iframe src=\"https:\/\/www.youtube.com\/watch?v=mDjsOPX-GMw\"><\/iframe><\/p>\n<hr>\n<h5><span style=\"font-size: 11pt; font-family: Arial,sans-serif; color: #000000; background-color: transparent; font-weight: 400; font-style: normal; font-variant: normal; text-decoration: none; vertical-align: baseline; white-space: pre-wrap;\" id=\"docs-internal-guid-12a2701a-7fff-6e9d-8640-69ac8e143af2\">Ciper<\/span><\/h5>\n<p><iframe src=\"https:\/\/www.youtube.com\/watch?v=cMmUcAFQC_E\"><\/iframe><br \/>\n<iframe src=\"https:\/\/www.youtube.com\/watch?v=dFFGN5tUYhQ\"><\/iframe><\/p>\n<hr>\n<h5><span>Gr\u010dija<\/span><\/h5>\n<p><iframe src=\"https:\/\/www.youtube.com\/watch?v=JJB7qhaUMiM\"><\/iframe><br \/>\n<iframe src=\"https:\/\/www.youtube.com\/watch?v=oZHJm4yzfLA\"><\/iframe><\/p>\n<hr>\n<h5><span>Italija<\/span><\/h5>\n<p><iframe src=\"https:\/\/www.youtube.com\/watch?v=L2pVqKP3XFQ\"><\/iframe><br \/>\n<iframe src=\"https:\/\/www.youtube.com\/watch?v=jR9O7Mcs6dY\"><\/iframe><br \/>\n<iframe src=\"https:\/\/www.youtube.com\/watch?v=GoYKIpI4gO8\"><\/iframe><\/p>\n<hr>\n<h4>&#8220;Zeleni prvaki&#8221; &#8211; Lokalna tekmovanja &#8220;Zelena liga&#8221;<\/h4>\n<div>\n<p>V okviru projekta Zelena liga je vsak partner organiziral lokalno \u0161portno tekmovanje, ter niz okoljsko \u010distilnih aktivnosti in \u0161tafetnih tekov, po vzoru&#8221;plogging-a&#8221; (pobiranje smeti med tekom). Pred tekmovanjem je tako potekala akcija pobiranja odpadkov, pri \u010demer je bila zbrana vre\u010dka odpadkov simboli\u010dno uporabljena kot \u0161tafetna palica. Tukaj so pri\u010devanja nekaterih udele\u017eencev, ki so se udele\u017eili dogodkov.<\/p>\n<\/div>\n<p>\n    <a href=\"https:\/\/www.youtube.com\/playlist?list=PLsfR2a1B61tHdNmaYsPkok_SGnGqAKkd6\">Pregled posnetkov<\/a>\n<\/p>\n<h4>Priljubljeni \u0161portniki<\/h4>\n<div>\n<p>V vsaki dr\u017eavi so bili priljubljeni \u0161portnik povabljeni, da so postali pri\u010devalci projekta in podprli njegove vrednote ter cilje, s \u010dimer dajejo vzor mladim \u0161portnikom in dele\u017enikom v \u0161portu.<\/p>\n<\/div>\n<p>\n    <a href=\"https:\/\/www.youtube.com\/playlist?list=PLsfR2a1B61tGy_gIiyeKfAkHMfTfXnRD5\">Pregled posnetkov<\/a>\n<\/p>\n<h4>Dokumentarni film<\/h4>\n<div>\n<div>\n<p>Na\u0161 dokumentarec <em>Zelena liga<\/em> ponuja pregled najpomembnej\u0161ih trenutkov projekta v dr\u017eavah, vklju\u010denih v projekt.<\/p>\n<\/div>\n<\/div>\n<p><iframe src=\"https:\/\/www.youtube.com\/watch?v=hWmgBsV1GL4&#038;t=31s\"><\/iframe><\/p>\n<p><!--more--><br \/>\n<!-- {\"type\":\"layout\",\"children\":[{\"type\":\"section\",\"props\":{\"height\":\"page\",\"image_position\":\"center-center\",\"padding_remove_top\":true,\"style\":\"default\",\"title_breakpoint\":\"xl\",\"title_position\":\"top-left\",\"title_rotation\":\"left\",\"vertical_align\":\"\",\"width\":\"default\"},\"children\":[{\"type\":\"row\",\"children\":[{\"type\":\"column\",\"props\":{\"image_position\":\"center-center\",\"position_sticky_breakpoint\":\"m\"},\"children\":[{\"type\":\"headline\",\"props\":{\"title_color\":\"success\",\"title_element\":\"h1\"},\"source\":{\"query\":{\"name\":\"pages.singlePage\"},\"props\":{\"content\":{\"filters\":{\"search\":\"\"},\"name\":\"title\"}}}}]}]},{\"type\":\"row\",\"props\":{\"layout\":\"1-3,2-3\"},\"children\":[{\"type\":\"column\",\"props\":{\"image_position\":\"center-center\",\"position_sticky_breakpoint\":\"m\",\"vertical_align\":\"middle\",\"width_medium\":\"1-3\"},\"children\":[{\"type\":\"image\",\"props\":{\"image\":\"wp-content\\\/uploads\\\/2022\\\/12\\\/experience.png\",\"image_svg_color\":\"emphasis\",\"margin\":\"default\"}}]},{\"type\":\"column\",\"props\":{\"image_position\":\"center-center\",\"position_sticky_breakpoint\":\"m\",\"vertical_align\":\"middle\",\"width_medium\":\"2-3\"},\"children\":[{\"type\":\"headline\",\"props\":{\"content\":\"Mednarodna delavnica \\u2013 Slovenj Gradec, Slovenija\",\"margin\":\"small\",\"margin_remove_top\":true,\"title_element\":\"h4\"}},{\"type\":\"text\",\"props\":{\"column_breakpoint\":\"m\",\"content\":\"\n\n<p>\\u0160est \\u0161portnih strokovnjakov iz razli\\u010dnih dr\\u017eav EU se je sre\\u010dalo v Sloveniji na 4-dnevni delavnici o tem, kako okrepiti povezavo med \\u0161portom in okoljem ter kako uporabiti \\u0161port kot orodje za okoljsko ozave\\u0161\\u010denost.<\\\/p>\",\"margin\":\"default\",\"margin_remove_top\":true}},{\"type\":\"video\",\"props\":{\"css\":\".el-element iframe{\\n\\twidth: 80%;\\n  height: 300px;\\n  margin: 0 auto;\\n  text-align: center;\\n  display: block;\\n}\\n}\",\"margin\":\"default\",\"video\":\"https:\\\/\\\/www.youtube.com\\\/watch?v=Tx1xdL-PyyY\",\"video_controls\":true}}]}]},{\"type\":\"row\",\"children\":[{\"type\":\"column\",\"props\":{\"image_position\":\"center-center\",\"position_sticky_breakpoint\":\"m\"},\"children\":[{\"type\":\"headline\",\"props\":{\"content\":\"<span data-bind=\\\"marked: {value: item.body, useMarkdown: item.contentType() == 'TEXT', collapseQuotes: true, openExternalLinksInNewTab: true}\\\">Green Zines <\\\/span>\",\"margin\":\"small\",\"margin_remove_top\":true,\"title_element\":\"h4\"}},{\"type\":\"text\",\"props\":{\"column_breakpoint\":\"m\",\"content\":\"\n\n<p><span style=\\\"font-size: 11pt; font-family: Arial,sans-serif; color: #000000; background-color: transparent; font-weight: 400; font-style: normal; font-variant: normal; text-decoration: none; vertical-align: baseline; white-space: pre-wrap;\\\" id=\\\"docs-internal-guid-47378f08-7fff-5e9d-69d8-a78c49c1d57f\\\">Zeleni zini predstavljajo na\\u0161o izku\\u0161njo skozi fotografije, citate in gradiva, ki so jih zbrali udele\\u017eenci na osmih lokalnih dogodkih v vsaki partnerski dr\\u017eavi. Vsak zine predstavlja drug element narave (zrak, ogenj, voda in zemlja) in je ro\\u010dno izdelan.<\\\/span><\\\/p>\",\"margin\":\"default\"}},{\"type\":\"button\",\"props\":{\"grid_column_gap\":\"small\",\"grid_row_gap\":\"small\",\"margin\":\"default\"},\"children\":[{\"type\":\"button_item\",\"props\":{\"button_style\":\"primary\",\"content\":\"Zemlja\",\"icon_align\":\"left\",\"link\":\"wp-content\\\/uploads\\\/2024\\\/03\\\/Green-League_Earth-Element.pdf\",\"link_target\":\"blank\"}},{\"type\":\"button_item\",\"props\":{\"button_style\":\"primary\",\"content\":\"Zrak\",\"icon_align\":\"left\",\"link\":\"wp-content\\\/uploads\\\/2024\\\/03\\\/Green-League_Air-Element.pdf\",\"link_target\":\"blank\"}},{\"type\":\"button_item\",\"props\":{\"button_style\":\"primary\",\"content\":\"Ogenj\",\"icon_align\":\"left\",\"link\":\"wp-content\\\/uploads\\\/2024\\\/03\\\/Green-League_Fire-Element.pdf\",\"link_target\":\"blank\"}},{\"type\":\"button_item\",\"props\":{\"button_style\":\"primary\",\"content\":\"Voda\",\"icon_align\":\"left\",\"link\":\"wp-content\\\/uploads\\\/2024\\\/03\\\/Green-League_Water-Element.pdf\",\"link_target\":\"blank\"}}]}]}]},{\"type\":\"row\",\"props\":{\"row_gap\":\"large\"},\"children\":[{\"type\":\"column\",\"props\":{\"image_position\":\"center-center\",\"position_sticky_breakpoint\":\"m\"},\"children\":[{\"type\":\"headline\",\"props\":{\"content\":\"<span data-bind=\\\"marked: {value: item.body, useMarkdown: item.contentType() == 'TEXT', collapseQuotes: true, openExternalLinksInNewTab: true}\\\">Zeleni prvaki - \\u0161portni dogodki v naravi<\\\/span>\",\"margin\":\"small\",\"margin_remove_top\":true,\"title_element\":\"h4\"}},{\"type\":\"text\",\"props\":{\"column_breakpoint\":\"m\",\"content\":\"\n\n<p>Kot del projekta Zelena liga je bilo v vsaki dr\\u017eavi organiziranih 8 \\u0161portnih dogodkov, povezanih z enim od 4 naravnih elementov (ogenj, zemlja, voda, zrak). Dogodki so bili organizirani z namenom promocije okoljske ozave\\u0161\\u010denosti o medsebojnem vplivu \\u0161porta in narave ter za pove\\u010danje ozave\\u0161\\u010denosti o vplivu \\u010dloveka na okolje. To so pri\\u010devanja nekaterih udele\\u017eencev, ki so se udele\\u017eili dogodkov.<\\\/p>\",\"margin\":\"default\"}}]}]},{\"type\":\"row\",\"children\":[{\"type\":\"column\",\"props\":{\"image_position\":\"center-center\",\"position_sticky_breakpoint\":\"m\"},\"children\":[{\"type\":\"headline\",\"props\":{\"content\":\"<span style=\\\"font-size: 11pt; font-family: Arial,sans-serif; color: #000000; background-color: transparent; font-weight: 400; font-style: normal; font-variant: normal; text-decoration: none; vertical-align: baseline; white-space: pre-wrap;\\\" id=\\\"docs-internal-guid-5e930eba-7fff-ed60-9343-18b897016de5\\\">Slovenija<\\\/span>\",\"title_element\":\"h5\"}}]}]},{\"type\":\"row\",\"props\":{\"layout\":\"1-2,1-2\"},\"children\":[{\"type\":\"column\",\"props\":{\"image_position\":\"center-center\",\"position_sticky_breakpoint\":\"m\",\"width_medium\":\"1-2\"},\"children\":[{\"type\":\"video\",\"props\":{\"margin\":\"default\",\"video\":\"https:\\\/\\\/www.youtube.com\\\/watch?v=DcujZ_Usahc\",\"video_controls\":true,\"video_height\":\"300\"}}]},{\"type\":\"column\",\"props\":{\"image_position\":\"center-center\",\"position_sticky_breakpoint\":\"m\",\"width_medium\":\"1-2\"},\"children\":[{\"type\":\"video\",\"props\":{\"margin\":\"default\",\"video\":\"https:\\\/\\\/www.youtube.com\\\/watch?v=ja4425EezgQ\",\"video_controls\":true,\"video_height\":\"300\"}}]}]},{\"type\":\"row\",\"children\":[{\"type\":\"column\",\"props\":{\"image_position\":\"center-center\",\"position_sticky_breakpoint\":\"m\"},\"children\":[{\"type\":\"divider\",\"props\":{\"divider_element\":\"hr\"}}]}]},{\"type\":\"row\",\"children\":[{\"type\":\"column\",\"props\":{\"image_position\":\"center-center\",\"position_sticky_breakpoint\":\"m\"},\"children\":[{\"type\":\"headline\",\"props\":{\"content\":\"<span>Islandija<\\\/span>\",\"title_element\":\"h5\"}}]}]},{\"type\":\"row\",\"props\":{\"layout\":\"1-2,1-2\"},\"children\":[{\"type\":\"column\",\"props\":{\"image_position\":\"center-center\",\"position_sticky_breakpoint\":\"m\",\"width_medium\":\"1-2\"},\"children\":[{\"type\":\"video\",\"props\":{\"margin\":\"default\",\"video\":\"https:\\\/\\\/www.youtube.com\\\/watch?v=Q7S9881q_UM\",\"video_controls\":true,\"video_height\":\"300\"}}]},{\"type\":\"column\",\"props\":{\"image_position\":\"center-center\",\"position_sticky_breakpoint\":\"m\",\"width_medium\":\"1-2\"},\"children\":[{\"type\":\"video\",\"props\":{\"margin\":\"default\",\"video\":\"https:\\\/\\\/www.youtube.com\\\/watch?v=mDjsOPX-GMw\",\"video_controls\":true,\"video_height\":\"300\"}}]}]},{\"type\":\"row\",\"children\":[{\"type\":\"column\",\"props\":{\"image_position\":\"center-center\",\"position_sticky_breakpoint\":\"m\"},\"children\":[{\"type\":\"divider\",\"props\":{\"divider_element\":\"hr\"}}]}]},{\"type\":\"row\",\"children\":[{\"type\":\"column\",\"props\":{\"image_position\":\"center-center\",\"position_sticky_breakpoint\":\"m\"},\"children\":[{\"type\":\"headline\",\"props\":{\"content\":\"<span style=\\\"font-size: 11pt; font-family: Arial,sans-serif; color: #000000; background-color: transparent; font-weight: 400; font-style: normal; font-variant: normal; text-decoration: none; vertical-align: baseline; white-space: pre-wrap;\\\" id=\\\"docs-internal-guid-12a2701a-7fff-6e9d-8640-69ac8e143af2\\\">Ciper<\\\/span>\",\"title_element\":\"h5\"}}]}]},{\"type\":\"row\",\"props\":{\"layout\":\"1-2,1-2\"},\"children\":[{\"type\":\"column\",\"props\":{\"image_position\":\"center-center\",\"position_sticky_breakpoint\":\"m\",\"width_medium\":\"1-2\"},\"children\":[{\"type\":\"video\",\"props\":{\"margin\":\"default\",\"video\":\"https:\\\/\\\/www.youtube.com\\\/watch?v=cMmUcAFQC_E\",\"video_controls\":true,\"video_height\":\"300\"}}]},{\"type\":\"column\",\"props\":{\"image_position\":\"center-center\",\"position_sticky_breakpoint\":\"m\",\"width_medium\":\"1-2\"},\"children\":[{\"type\":\"video\",\"props\":{\"margin\":\"default\",\"video\":\"https:\\\/\\\/www.youtube.com\\\/watch?v=dFFGN5tUYhQ\",\"video_controls\":true,\"video_height\":\"300\"}}]}]},{\"type\":\"row\",\"children\":[{\"type\":\"column\",\"props\":{\"image_position\":\"center-center\",\"position_sticky_breakpoint\":\"m\"},\"children\":[{\"type\":\"divider\",\"props\":{\"divider_element\":\"hr\"}}]}]},{\"type\":\"row\",\"children\":[{\"type\":\"column\",\"props\":{\"image_position\":\"center-center\",\"position_sticky_breakpoint\":\"m\"},\"children\":[{\"type\":\"headline\",\"props\":{\"content\":\"<span>Gr\\u010dija<\\\/span>\",\"title_element\":\"h5\"}}]}]},{\"type\":\"row\",\"props\":{\"layout\":\"1-2,1-2\"},\"children\":[{\"type\":\"column\",\"props\":{\"image_position\":\"center-center\",\"position_sticky_breakpoint\":\"m\",\"width_medium\":\"1-2\"},\"children\":[{\"type\":\"video\",\"props\":{\"margin\":\"default\",\"video\":\"https:\\\/\\\/www.youtube.com\\\/watch?v=JJB7qhaUMiM\",\"video_controls\":true,\"video_height\":\"300\"}}]},{\"type\":\"column\",\"props\":{\"image_position\":\"center-center\",\"position_sticky_breakpoint\":\"m\",\"width_medium\":\"1-2\"},\"children\":[{\"type\":\"video\",\"props\":{\"margin\":\"default\",\"video\":\"https:\\\/\\\/www.youtube.com\\\/watch?v=oZHJm4yzfLA\",\"video_controls\":true,\"video_height\":\"300\"}}]}]},{\"type\":\"row\",\"children\":[{\"type\":\"column\",\"props\":{\"image_position\":\"center-center\",\"position_sticky_breakpoint\":\"m\"},\"children\":[{\"type\":\"divider\",\"props\":{\"divider_element\":\"hr\"}}]}]},{\"type\":\"row\",\"children\":[{\"type\":\"column\",\"props\":{\"image_position\":\"center-center\",\"position_sticky_breakpoint\":\"m\"},\"children\":[{\"type\":\"headline\",\"props\":{\"content\":\"<span>Italija<\\\/span>\",\"title_element\":\"h5\"}}]}]},{\"type\":\"row\",\"props\":{\"layout\":\"1-3,1-3,1-3\"},\"children\":[{\"type\":\"column\",\"props\":{\"image_position\":\"center-center\",\"position_sticky_breakpoint\":\"m\",\"width_medium\":\"1-3\"},\"children\":[{\"type\":\"video\",\"props\":{\"margin\":\"default\",\"video\":\"https:\\\/\\\/www.youtube.com\\\/watch?v=L2pVqKP3XFQ\",\"video_controls\":true,\"video_height\":\"300\"}}]},{\"type\":\"column\",\"props\":{\"image_position\":\"center-center\",\"position_sticky_breakpoint\":\"m\",\"width_medium\":\"1-3\"},\"children\":[{\"type\":\"video\",\"props\":{\"margin\":\"default\",\"video\":\"https:\\\/\\\/www.youtube.com\\\/watch?v=jR9O7Mcs6dY\",\"video_controls\":true,\"video_height\":\"300\"}}]},{\"type\":\"column\",\"props\":{\"image_position\":\"center-center\",\"position_sticky_breakpoint\":\"m\",\"width_medium\":\"1-3\"},\"children\":[{\"type\":\"video\",\"props\":{\"margin\":\"default\",\"video\":\"https:\\\/\\\/www.youtube.com\\\/watch?v=GoYKIpI4gO8\",\"video_controls\":true,\"video_height\":\"300\"}}]}]},{\"type\":\"row\",\"children\":[{\"type\":\"column\",\"props\":{\"image_position\":\"center-center\",\"position_sticky_breakpoint\":\"m\"},\"children\":[{\"type\":\"divider\",\"props\":{\"divider_element\":\"hr\"}}]}]},{\"type\":\"row\",\"children\":[{\"type\":\"column\",\"props\":{\"image_position\":\"center-center\",\"position_sticky_breakpoint\":\"m\"},\"children\":[{\"type\":\"headline\",\"props\":{\"content\":\"\\\"Zeleni prvaki\\\" - Lokalna tekmovanja \\\"Zelena liga\\\"\",\"margin\":\"small\",\"margin_remove_top\":true,\"title_element\":\"h4\"}},{\"type\":\"text\",\"props\":{\"column_breakpoint\":\"m\",\"content\":\"\n\n<p>V okviru projekta Zelena liga je vsak partner organiziral lokalno \\u0161portno tekmovanje, ter niz okoljsko \\u010distilnih aktivnosti in \\u0161tafetnih tekov, po vzoru\\\"plogging-a\\\" (pobiranje smeti med tekom). Pred tekmovanjem je tako potekala akcija pobiranja odpadkov, pri \\u010demer je bila zbrana vre\\u010dka odpadkov simboli\\u010dno uporabljena kot \\u0161tafetna palica. Tukaj so pri\\u010devanja nekaterih udele\\u017eencev, ki so se udele\\u017eili dogodkov.<\\\/p>\",\"margin\":\"default\"}},{\"type\":\"button\",\"props\":{\"grid_column_gap\":\"small\",\"grid_row_gap\":\"small\",\"margin\":\"default\"},\"children\":[{\"type\":\"button_item\",\"props\":{\"button_style\":\"primary\",\"content\":\"Pregled posnetkov\",\"icon_align\":\"left\",\"link\":\"https:\\\/\\\/www.youtube.com\\\/playlist?list=PLsfR2a1B61tHdNmaYsPkok_SGnGqAKkd6\",\"link_target\":\"blank\"}}]}]}]},{\"type\":\"row\",\"children\":[{\"type\":\"column\",\"props\":{\"image_position\":\"center-center\",\"position_sticky_breakpoint\":\"m\"},\"children\":[{\"type\":\"headline\",\"props\":{\"content\":\"Priljubljeni \\u0161portniki\",\"margin\":\"small\",\"margin_remove_top\":true,\"title_element\":\"h4\"}},{\"type\":\"text\",\"props\":{\"column_breakpoint\":\"m\",\"content\":\"\n\n<p>V vsaki dr\\u017eavi so bili priljubljeni \\u0161portnik povabljeni, da so postali pri\\u010devalci projekta in podprli njegove vrednote ter cilje, s \\u010dimer dajejo vzor mladim \\u0161portnikom in dele\\u017enikom v \\u0161portu.<\\\/p>\",\"margin\":\"default\"}},{\"type\":\"button\",\"props\":{\"grid_column_gap\":\"small\",\"grid_row_gap\":\"small\",\"margin\":\"default\"},\"children\":[{\"type\":\"button_item\",\"props\":{\"button_style\":\"primary\",\"content\":\"Pregled posnetkov\",\"icon_align\":\"left\",\"link\":\"https:\\\/\\\/www.youtube.com\\\/playlist?list=PLsfR2a1B61tGy_gIiyeKfAkHMfTfXnRD5\",\"link_target\":\"blank\"}}]}]}]},{\"type\":\"row\",\"children\":[{\"type\":\"column\",\"props\":{\"image_position\":\"center-center\",\"position_sticky_breakpoint\":\"m\"},\"children\":[{\"type\":\"headline\",\"props\":{\"content\":\"Dokumentarni film\",\"margin\":\"small\",\"margin_remove_top\":true,\"title_element\":\"h4\"}},{\"type\":\"text\",\"props\":{\"column_breakpoint\":\"m\",\"content\":\"\n\n<div>\\n\n\n<p>Na\\u0161 dokumentarec <em>Zelena liga<\\\/em> ponuja pregled najpomembnej\\u0161ih trenutkov projekta v dr\\u017eavah, vklju\\u010denih v projekt.<\\\/p>\\n<\\\/div>\\n\n\n<p><\\\/p>\",\"margin\":\"default\"}},{\"type\":\"video\",\"props\":{\"margin\":\"default\",\"video\":\"https:\\\/\\\/www.youtube.com\\\/watch?v=hWmgBsV1GL4&t=31s\",\"video_controls\":true,\"video_height\":\"400\",\"video_width\":\"700\"}}]}]}]}],\"version\":\"4.4.12\"} --><\/p>\n","protected":false},"excerpt":{"rendered":"<p>Mednarodna delavnica \u2013 Slovenj Gradec, Slovenija \u0160est \u0161portnih strokovnjakov iz razli\u010dnih dr\u017eav EU se je sre\u010dalo v Sloveniji na 4-dnevni delavnici o tem, kako okrepiti..<\/p>\n","protected":false},"author":1,"featured_media":0,"parent":0,"menu_order":0,"comment_status":"closed","ping_status":"closed","template":"","meta":{"_acf_changed":false,"inline_featured_image":false,"footnotes":""},"class_list":["post-962","page","type-page","status-publish","hentry"],"acf":[],"_links":{"self":[{"href":"https:\/\/green-league.eu\/sl\/wp-json\/wp\/v2\/pages\/962","targetHints":{"allow":["GET"]}}],"collection":[{"href":"https:\/\/green-league.eu\/sl\/wp-json\/wp\/v2\/pages"}],"about":[{"href":"https:\/\/green-league.eu\/sl\/wp-json\/wp\/v2\/types\/page"}],"author":[{"embeddable":true,"href":"https:\/\/green-league.eu\/sl\/wp-json\/wp\/v2\/users\/1"}],"replies":[{"embeddable":true,"href":"https:\/\/green-league.eu\/sl\/wp-json\/wp\/v2\/comments?post=962"}],"version-history":[{"count":11,"href":"https:\/\/green-league.eu\/sl\/wp-json\/wp\/v2\/pages\/962\/revisions"}],"predecessor-version":[{"id":2121,"href":"https:\/\/green-league.eu\/sl\/wp-json\/wp\/v2\/pages\/962\/revisions\/2121"}],"wp:attachment":[{"href":"https:\/\/green-league.eu\/sl\/wp-json\/wp\/v2\/media?parent=962"}],"curies":[{"name":"wp","href":"https:\/\/api.w.org\/{rel}","templated":true}]}}